{"id":11663,"date":"2025-03-27T08:02:14","date_gmt":"2025-03-27T08:02:14","guid":{"rendered":"https:\/\/taber.hr\/general-terms-and-conditions\/"},"modified":"2025-05-29T11:53:36","modified_gmt":"2025-05-29T11:53:36","slug":"allgemeine-geschaftsbedingungen","status":"publish","type":"page","link":"https:\/\/taber.hr\/de\/allgemeine-geschaftsbedingungen\/","title":{"rendered":"Allgemeine Gesch\u00e4ftsbedingungen"},"content":{"rendered":"\t\t<div data-elementor-type=\"wp-page\" data-elementor-id=\"11663\" class=\"elementor elementor-11663 elementor-11652\" data-elementor-post-type=\"page\">\n\t\t\t\t<div class=\"elementor-element elementor-element-1ad890ba e-flex e-con-boxed e-con e-parent\" data-id=\"1ad890ba\" data-element_type=\"container\" data-e-type=\"container\">\n\t\t\t\t\t<div class=\"e-con-inner\">\n\t\t\t\t<div class=\"elementor-element elementor-element-2e59a5e8 elementor-widget elementor-widget-text-editor\" data-id=\"2e59a5e8\" data-element_type=\"widget\" data-e-type=\"widget\" data-widget_type=\"text-editor.default\">\n\t\t\t\t<div class=\"elementor-widget-container\">\n\t\t\t\t\t\t\t\t\t<p>EFFECTUS d.o.o.<br \/>Vesla\u010dka ulica 6, Zadar, Hrvatska<br \/>OIB: 02958603986<\/p><h2><strong>MOBILE UNTERK\u00dcNFTE<\/strong><\/h2><h3><strong>FR\u00dcHBUCHER-PREISLISTE<\/strong><\/h3><ul><li>30% der Reservierung wird innerhalb von 5 Tagen nach der Buchung berechnet. Der Gast erh\u00e4lt einen Zahlungslink an seine E-Mail-Adresse.<\/li><li>Im Falle einer Zahlung per Bank\u00fcberweisung muss die Zahlung (30%) sp\u00e4testens 5 Tage nach der Best\u00e4tigung der Reservierung erfolgen.<\/li><li>Die Anzahlung ist nicht erstattungsf\u00e4hig.<\/li><li>Der verbleibende Betrag der Reservierung wird an der Rezeption des Campingplatzes bezahlt..<\/li><\/ul><h4><strong>Stornierungsfristen:<\/strong><\/h4><ul><li>F\u00fcr Aufenthalte vom 19. April bis 11. Juli und vom 16. August bis 3. Oktober 2025 \u2013 Kostenlose Stornierung ist bis 5 Tage vor Ankunft (bis 14:00 CET) m\u00f6glich.<\/li><li>F\u00fcr Aufenthalte vom 12. Juli bis 15. August 2025 \u2013 Kostenlose Stornierung ist bis 7 Tage vor Ankunft (bis 14:00 CET) m\u00f6glich.<\/li><li>Eine Kreditkarte ist als Buchungsgarantie erforderlich.<\/li><li>Im Falle eines Nichterscheinens ohne vorherige Stornierung wird der volle Betrag der Reservierung von Ihrer Karte abgebucht.<\/li><li>Im Falle einer vorzeitigen Abreise wird der volle Betrag der Reservierung berechnet, es sei denn, der Grund f\u00fcr die Abreise ist Krankheit oder h\u00f6here Gewalt.<\/li><li>Der Gast kann die Stornierung der Reservierung und die R\u00fcckerstattung der gezahlten Betr\u00e4ge beantragen. Der gezahlte Betrag wird dem Gast innerhalb von 30 Werktagen per Bank\u00fcberweisung zur\u00fcckerstattet.<\/li><\/ul><h3><strong>NICHT R\u00dcCKERSTATTBARER PREIS<\/strong><\/h3><ul><li>Es ist nicht m\u00f6glich, die Reservierung zu stornieren.<\/li><\/ul><ul><li>Der Gesamtbetrag der Reservierung wird innerhalb von 5 Tagen nach der Reservierung berechnetDie Anzahlung ist nicht erstattungsf\u00e4hig.<\/li><\/ul><h4><strong>DATUMS\u00c4NDERUNGEN F\u00dcR NICHT ERSTATTUNGSF\u00c4HIGE RESERVIERUNGEN:<\/strong><\/h4><ul><li>Das Datum kann nur einmal bei gleichem oder h\u00f6herem Preis, gleichen Reservierungsbedingungen und gleichem Wohnungstyp ge\u00e4ndert werden. Datums\u00e4nderungen unterliegen der aktuellen Verf\u00fcgbarkeit, den Preisen und Einschr\u00e4nkungen. Um das Datum zu \u00e4ndern, senden Sie bitte eine Anfrage an <a href=\"mailto:sales@taber.hr\">sales@taber.hr<\/a><\/li><li>Bei Zahlung per Bank\u00fcberweisung muss die Zahlung sp\u00e4testens 5 Tage nach Best\u00e4tigung der Reservierung erfolgen<\/li><li>Im Falle einer vorzeitigen Abreise wird der volle Betrag der Reservierung berechnet, es sei denn, der Grund f\u00fcr die Abreise ist Krankheit oder h\u00f6here Gewalt.<\/li><li>Der Gast kann die Stornierung der Reservierung und die R\u00fcckerstattung des gezahlten Betrags verlangen. wenn genehmigt, das bezahlte Geld wird dem Gast innerhalb von 30 Werktagen per Bank\u00fcberweisung zur\u00fcckerstattet.<\/li><\/ul><h3><strong>STANDARD PREIS<\/strong><\/h3><p><strong>Kostenlose Stornierung der Reservierung in den Zeitr\u00e4umen:<\/strong><\/p><ul><li>19.04.-11.07. und 16.08.-3.10.2025. \u2013 bis 5 Tage (14:00 Uhr MEZ) vor Anreise.<\/li><li>12.07.-15.08.2025. \u2013 bis 7 Tage (14:00 Uhr MEZ) vor Anreise.<\/li><\/ul><ul><li>Als Reservierungsgarantie ist eine Kreditkarte erforderlich.<\/li><li>Bei Nichterscheinen ohne vorherige Stornierung der Reservierung belasten wir Ihre Karte mit dem Gesamtbetrag der Reservierung.<\/li><li>Ihre Kreditkarte kann 30 Tage vor Anreise mit dem Betrag der ersten Nacht vorautorisiert werden.<\/li><li>Innerhalb der K\u00fcndigungsfrist k\u00f6nnen wir Ihre Kreditkarte mit dem Betrag der ersten Nacht pro Wohneinheit belasten. Bei Stornierung der Reservierung nach Ablauf der Stornierungsfrist behalten wir den abgebuchten Betrag ein.<\/li><li>Im Falle einer fehlgeschlagenen Vorautorisierung Ihrer Kreditkarte werden Sie benachrichtigt. Wenn wir Ihre Kreditkarte nicht belasten k\u00f6nnen, wird Ihre Reservierung storniert.<\/li><li>Verf\u00fcgt der Gast \u00fcber keine Kreditkarte, wird als Garantie eine Anzahlung in H\u00f6he von 20 % des Reservierungsbetrages erhoben. Die Zahlung der Kaution per Bank\u00fcberweisung muss f\u00fcr G\u00e4ste ohne Kreditkarte sp\u00e4testens 5 Tage nach der Reservierung erfolgen.<\/li><li>Im Falle einer vorzeitigen Abreise wird der volle Betrag der Reservierung berechnet, es sei denn, der Grund f\u00fcr die Abreise ist Krankheit oder h\u00f6here Gewalt. Der Gast kann die Stornierung der Reservierung und die R\u00fcckerstattung des gezahlten Betrags verlangen. Das bezahlte Geld wird dem Gast innerhalb von 30 Werktagen per Bank\u00fcberweisung zur\u00fcckerstattet.<\/li><\/ul><p>2 DOOR d.o.o.<br \/>Put Tratice, Nevi\u0111ane, Hrvatska<br \/>OIB: 74642841175<\/p><h2><strong>PARZELLEN<\/strong><\/h2><h3><strong>STANDARD PREIS<\/strong><\/h3><p><strong>Im Preis inbegriffen: Stellplatz + 4 Personen + Strom- &amp; Wasseranschluss<\/strong><\/p><p><strong>Geb\u00fchren f\u00fcr zus\u00e4tzliche Personen werden an der Campingplatzrezeption berechnet:<\/strong><\/p><ul><li>04.-02.05. &amp; 20.09.-3.10.: 6,00 EUR pro Person pro Nacht<\/li><li>05.-06.06. &amp; 13.09.-19.09.: 6,00 EUR pro Person pro Nacht<\/li><li>06.-27.06. &amp; 30.08.-12.09.: 7,50 EUR pro Person pro Nacht<\/li><li>06.-11.07. &amp; 16.08.-29.08.: 9,00 EUR pro Person pro Nacht<\/li><li>07.-15.08.: 11,00 EUR pro Person pro Nacht<\/li><\/ul><h4><strong>Kostenlose Stornierung der Reservierung in den Zeitr\u00e4umen:<\/strong><\/h4><ul><li>19.04.-27.06. und 30.08.-3.10.2025. \u2013 5 Tage (14:00 Uhr MEZ) vor Anreise.<\/li><li>28.06.-29.08.2025. \u2013 7 Tage (14:00 Uhr MEZ) vor Anreise.<\/li><li>Als Reservierungsgarantie ist eine Kreditkarte erforderlich.<\/li><li>Bei Nichterscheinen ohne vorherige Stornierung der Reservierung belasten wir Ihre Karte mit dem Gesamtbetrag der Reservierung.<\/li><li>Im Falle einer vorzeitigen Abreise berechnen wir Ihnen den vollen Buchungsbetrag.<\/li><li>Ihre Kreditkarte kann 30 Tage vor Anreise mit dem Betrag der ersten Nacht vorautorisiert werden.<\/li><li>Innerhalb der K\u00fcndigungsfrist k\u00f6nnen wir Ihre Kreditkarte mit dem Betrag der ersten Nacht pro Wohneinheit belasten. Bei Stornierung der Reservierung nach Ablauf der Stornierungsfrist behalten wir den abgebuchten Betrag ein.<\/li><li>Im Falle einer fehlgeschlagenen Vorautorisierung Ihrer Kreditkarte werden Sie benachrichtigt. Wenn wir Ihre Kreditkarte nicht belasten k\u00f6nnen, wird Ihre Reservierung storniert.<\/li><li>Verf\u00fcgt der Gast \u00fcber keine Kreditkarte, wird als Garantie eine Anzahlung in H\u00f6he von 20,00 % des Reservierungsbetrages erhoben. Die Zahlung der Kaution per Bank\u00fcberweisung muss f\u00fcr G\u00e4ste ohne Kreditkarte sp\u00e4testens 5 Tage nach der Reservierung erfolgen.<\/li><li>Bei vorzeitiger Abreise wird der volle Betrag der Reservierung in Rechnung gestellt, es sei denn, der Grund f\u00fcr die Abreise ist Krankheit oder h\u00f6here Gewalt. Der Gast kann die Stornierung der Reservierung und die R\u00fcckerstattung des gezahlten Betrags verlangen. Das gezahlte Geld wird dem Gast innerhalb von 30 Werktagen per Bank\u00fcberweisung zur\u00fcckerstattet.<\/li><\/ul><p><strong>Zus\u00e4tzliche Rabatte (ADAC, ACSI, etc.) werden nicht gew\u00e4hrt.<\/strong><\/p><h3><strong>NICHT R\u00dcCKERSTATTBARER PREIS<\/strong><\/h3><p><strong>Im Preis inbegriffen: Stellplatz + 4 Personen + Strom- &amp; Wasseranschluss<\/strong><\/p><p><strong>Geb\u00fchren f\u00fcr zus\u00e4tzliche Personen werden an der Campingplatzrezeption berechnet:<\/strong><\/p><ul><li>04.-02.05. &amp; 20.09.-3.10.: 6,00 EUR pro Person pro Nacht<\/li><li>05.-06.06. &amp; 13.09.-19.09.: 6,00 EUR pro Person pro Nacht<\/li><li>06.-27.06. &amp; 30.08.-12.09.: 7,50 EUR pro Person pro Nacht<\/li><li>06.-11.07. &amp; 16.08.-29.08.: 9,00 EUR pro Person pro Nacht<\/li><li>07.-15.08.: 11,00 EUR pro Person pro Nacht<\/li><li><strong>Es ist nicht m\u00f6glich, die Reservierung zu stornieren.<\/strong><\/li><li><strong>Der Gesamtbetrag der Reservierung wird innerhalb von 5 Tagen nach der Reservierung berechnet.\u00a0Der Gast erh\u00e4lt einen Zahlungslink an seine E-Mail-Adresse.<\/strong><\/li><\/ul><h3><strong>DATUMS\u00c4NDERUNGEN F\u00dcR NICHT ERSTATTUNGSF\u00c4HIGE RESERVIERUNGEN:<\/strong><\/h3><ul><li>Das Datum kann nur einmal bei gleichem oder h\u00f6herem Preis, gleichen Reservierungsbedingungen und gleichem Wohnungstyp ge\u00e4ndert werden. Datums\u00e4nderungen unterliegen der aktuellen Verf\u00fcgbarkeit, den Preisen und Einschr\u00e4nkungen. Um das Datum zu \u00e4ndern, senden Sie bitte eine Anfrage an sales@taber.hR<\/li><\/ul><ul><li>Bei Zahlung per Bank\u00fcberweisung muss die Zahlung sp\u00e4testens 5 Tage nach Best\u00e4tigung der Reservierung erfolgen<\/li><li>Im Falle einer vorzeitigen Abreise wird der volle Betrag der Reservierung berechnet, es sei denn, der Grund f\u00fcr die Abreise ist Krankheit oder h\u00f6here Gewalt. Der Gast kann die Stornierung der Reservierung und die R\u00fcckerstattung des gezahlten Betrags verlangen. wenn genehmigt, das bezahlte Geld wird dem Gast innerhalb von 30 Werktagen per Bank\u00fcberweisung zur\u00fcckerstattet.<\/li><\/ul><p><strong>Zus\u00e4tzliche Rabatte (ADAC, ACSI, etc.) werden nicht gew\u00e4hrt.<\/strong><\/p><p><strong>\u00a0<\/strong><\/p><h3><strong>FR\u00dcHBUCHER-PREISLISTE<\/strong><\/h3><p><strong>Im Preis inbegriffen: Stellplatz + 4 Personen + Strom- &amp; Wasseranschluss<\/strong><\/p><p><strong>Geb\u00fchren f\u00fcr zus\u00e4tzliche Personen werden an der Campingplatzrezeption berechnet:<\/strong><\/p><ul><li>04.-02.05. &amp; 20.09.-3.10.: 6,00 EUR pro Person pro Nacht<\/li><li>05.-06.06. &amp; 13.09.-19.09.: 6,00 EUR pro Person pro Nacht<\/li><li>06.-27.06. &amp; 30.08.-12.09.: 7,50 EUR pro Person pro Nacht<\/li><li>06.-11.07. &amp; 16.08.-29.08.: 9,00 EUR pro Person pro Nacht<\/li><li>07.-15.08.: 11,00 EUR pro Person pro Nacht<\/li><li>30 % des Reservierungsbetrags werden innerhalb von 5 Tagen nach der Reservierung berechnet. Der Gast erh\u00e4lt einen Zahlungslink an seine E-Mail-Adresse.<\/li><li>Bei Zahlung per Bank\u00fcberweisung muss die Zahlung (30 %) sp\u00e4testens 5 Tage nach Best\u00e4tigung der Reservierung erfolgen<\/li><li>Die Vorauszahlung ist nicht erstattungsf\u00e4hig<\/li><li>Der Restbetrag der Reservierung wird an der Rezeption des Camps bezahlt<\/li><\/ul><h3><strong>Stornierungsfristen:<\/strong><\/h3><ul><li>19.04.-27.06. und 30.08.-3.10.2025. \u2013 5 Tage (14:00 Uhr MEZ) vor Anreise.<\/li><li>28.06.-29.08.2025. \u2013 7 Tage (14:00 Uhr MEZ) vor Anreise.<\/li><li>Als Reservierungsgarantie ist eine Kreditkarte erforderlich.<\/li><li>Bei Nichterscheinen ohne vorherige Stornierung der Reservierung belasten wir Ihre Karte mit dem Gesamtbetrag der Reservierung.<\/li><li>Im Falle einer vorzeitigen Abreise berechnen wir Ihnen den vollen Buchungsbetrag.<\/li><\/ul><p><strong>Zus\u00e4tzliche Rabatte (ADAC, ACSI, etc.) werden nicht gew\u00e4hrt.<\/strong><\/p>\t\t\t\t\t\t\t\t<\/div>\n\t\t\t\t<\/div>\n\t\t\t\t\t<\/div>\n\t\t\t\t<\/div>\n\t\t\t\t<\/div>\n\t\t","protected":false},"excerpt":{"rendered":"<p>EFFECTUS d.o.o.Vesla\u010dka ulica 6, Zadar, HrvatskaOIB: 02958603986 MOBILE UNTERK\u00dcNFTE FR\u00dcHBUCHER-PREISLISTE 30% der Reservierung wird innerhalb von 5 Tagen nach der Buchung berechnet. Der Gast erh\u00e4lt einen Zahlungslink an seine E-Mail-Adresse. Im Falle einer Zahlung per Bank\u00fcberweisung muss die Zahlung (30%) sp\u00e4testens 5 Tage nach der Best\u00e4tigung der Reservierung erfolgen. Die Anzahlung ist nicht erstattungsf\u00e4hig. Der [&hellip;]<\/p>\n","protected":false},"author":1,"featured_media":0,"parent":0,"menu_order":0,"comment_status":"closed","ping_status":"closed","template":"","meta":{"footnotes":""},"class_list":["post-11663","page","type-page","status-publish","hentry"],"yoast_head":"<!-- This site is optimized with the Yoast SEO plugin v27.4 - https:\/\/yoast.com\/product\/yoast-seo-wordpress\/ -->\n<title>Allgemeine Gesch\u00e4ftsbedingungen - Taber Discrete Lodging<\/title>\n<meta name=\"robots\" content=\"index, follow, max-snippet:-1, max-image-preview:large, max-video-preview:-1\" \/>\n<link rel=\"canonical\" href=\"https:\/\/taber.hr\/de\/allgemeine-geschaftsbedingungen\/\" \/>\n<meta property=\"og:locale\" content=\"de_DE\" \/>\n<meta property=\"og:type\" content=\"article\" \/>\n<meta property=\"og:title\" content=\"Allgemeine Gesch\u00e4ftsbedingungen - Taber Discrete Lodging\" \/>\n<meta property=\"og:description\" content=\"EFFECTUS d.o.o.Vesla\u010dka ulica 6, Zadar, HrvatskaOIB: 02958603986 MOBILE UNTERK\u00dcNFTE FR\u00dcHBUCHER-PREISLISTE 30% der Reservierung wird innerhalb von 5 Tagen nach der Buchung berechnet. Der Gast erh\u00e4lt einen Zahlungslink an seine E-Mail-Adresse. Im Falle einer Zahlung per Bank\u00fcberweisung muss die Zahlung (30%) sp\u00e4testens 5 Tage nach der Best\u00e4tigung der Reservierung erfolgen. Die Anzahlung ist nicht erstattungsf\u00e4hig. Der [&hellip;]\" \/>\n<meta property=\"og:url\" content=\"https:\/\/taber.hr\/de\/allgemeine-geschaftsbedingungen\/\" \/>\n<meta property=\"og:site_name\" content=\"Taber Discrete Lodging\" \/>\n<meta property=\"article:modified_time\" content=\"2025-05-29T11:53:36+00:00\" \/>\n<meta name=\"twitter:card\" content=\"summary_large_image\" \/>\n<meta name=\"twitter:label1\" content=\"Gesch\u00e4tzte Lesezeit\" \/>\n\t<meta name=\"twitter:data1\" content=\"7\u00a0Minuten\" \/>\n<script type=\"application\/ld+json\" class=\"yoast-schema-graph\">{\"@context\":\"https:\\\/\\\/schema.org\",\"@graph\":[{\"@type\":\"WebPage\",\"@id\":\"https:\\\/\\\/taber.hr\\\/de\\\/allgemeine-geschaftsbedingungen\\\/\",\"url\":\"https:\\\/\\\/taber.hr\\\/de\\\/allgemeine-geschaftsbedingungen\\\/\",\"name\":\"Allgemeine Gesch\u00e4ftsbedingungen - Taber Discrete Lodging\",\"isPartOf\":{\"@id\":\"https:\\\/\\\/taber.hr\\\/#website\"},\"datePublished\":\"2025-03-27T08:02:14+00:00\",\"dateModified\":\"2025-05-29T11:53:36+00:00\",\"breadcrumb\":{\"@id\":\"https:\\\/\\\/taber.hr\\\/de\\\/allgemeine-geschaftsbedingungen\\\/#breadcrumb\"},\"inLanguage\":\"de\",\"potentialAction\":[{\"@type\":\"ReadAction\",\"target\":[\"https:\\\/\\\/taber.hr\\\/de\\\/allgemeine-geschaftsbedingungen\\\/\"]}]},{\"@type\":\"BreadcrumbList\",\"@id\":\"https:\\\/\\\/taber.hr\\\/de\\\/allgemeine-geschaftsbedingungen\\\/#breadcrumb\",\"itemListElement\":[{\"@type\":\"ListItem\",\"position\":1,\"name\":\"Home\",\"item\":\"https:\\\/\\\/taber.hr\\\/\"},{\"@type\":\"ListItem\",\"position\":2,\"name\":\"Allgemeine Gesch\u00e4ftsbedingungen\"}]},{\"@type\":\"WebSite\",\"@id\":\"https:\\\/\\\/taber.hr\\\/#website\",\"url\":\"https:\\\/\\\/taber.hr\\\/\",\"name\":\"Taber Discrete Lodging\",\"description\":\"\",\"potentialAction\":[{\"@type\":\"SearchAction\",\"target\":{\"@type\":\"EntryPoint\",\"urlTemplate\":\"https:\\\/\\\/taber.hr\\\/?s={search_term_string}\"},\"query-input\":{\"@type\":\"PropertyValueSpecification\",\"valueRequired\":true,\"valueName\":\"search_term_string\"}}],\"inLanguage\":\"de\"}]}<\/script>\n<!-- \/ Yoast SEO plugin. -->","yoast_head_json":{"title":"Allgemeine Gesch\u00e4ftsbedingungen - Taber Discrete Lodging","robots":{"index":"index","follow":"follow","max-snippet":"max-snippet:-1","max-image-preview":"max-image-preview:large","max-video-preview":"max-video-preview:-1"},"canonical":"https:\/\/taber.hr\/de\/allgemeine-geschaftsbedingungen\/","og_locale":"de_DE","og_type":"article","og_title":"Allgemeine Gesch\u00e4ftsbedingungen - Taber Discrete Lodging","og_description":"EFFECTUS d.o.o.Vesla\u010dka ulica 6, Zadar, HrvatskaOIB: 02958603986 MOBILE UNTERK\u00dcNFTE FR\u00dcHBUCHER-PREISLISTE 30% der Reservierung wird innerhalb von 5 Tagen nach der Buchung berechnet. Der Gast erh\u00e4lt einen Zahlungslink an seine E-Mail-Adresse. Im Falle einer Zahlung per Bank\u00fcberweisung muss die Zahlung (30%) sp\u00e4testens 5 Tage nach der Best\u00e4tigung der Reservierung erfolgen. Die Anzahlung ist nicht erstattungsf\u00e4hig. Der [&hellip;]","og_url":"https:\/\/taber.hr\/de\/allgemeine-geschaftsbedingungen\/","og_site_name":"Taber Discrete Lodging","article_modified_time":"2025-05-29T11:53:36+00:00","twitter_card":"summary_large_image","twitter_misc":{"Gesch\u00e4tzte Lesezeit":"7\u00a0Minuten"},"schema":{"@context":"https:\/\/schema.org","@graph":[{"@type":"WebPage","@id":"https:\/\/taber.hr\/de\/allgemeine-geschaftsbedingungen\/","url":"https:\/\/taber.hr\/de\/allgemeine-geschaftsbedingungen\/","name":"Allgemeine Gesch\u00e4ftsbedingungen - Taber Discrete Lodging","isPartOf":{"@id":"https:\/\/taber.hr\/#website"},"datePublished":"2025-03-27T08:02:14+00:00","dateModified":"2025-05-29T11:53:36+00:00","breadcrumb":{"@id":"https:\/\/taber.hr\/de\/allgemeine-geschaftsbedingungen\/#breadcrumb"},"inLanguage":"de","potentialAction":[{"@type":"ReadAction","target":["https:\/\/taber.hr\/de\/allgemeine-geschaftsbedingungen\/"]}]},{"@type":"BreadcrumbList","@id":"https:\/\/taber.hr\/de\/allgemeine-geschaftsbedingungen\/#breadcrumb","itemListElement":[{"@type":"ListItem","position":1,"name":"Home","item":"https:\/\/taber.hr\/"},{"@type":"ListItem","position":2,"name":"Allgemeine Gesch\u00e4ftsbedingungen"}]},{"@type":"WebSite","@id":"https:\/\/taber.hr\/#website","url":"https:\/\/taber.hr\/","name":"Taber Discrete Lodging","description":"","potentialAction":[{"@type":"SearchAction","target":{"@type":"EntryPoint","urlTemplate":"https:\/\/taber.hr\/?s={search_term_string}"},"query-input":{"@type":"PropertyValueSpecification","valueRequired":true,"valueName":"search_term_string"}}],"inLanguage":"de"}]}},"_links":{"self":[{"href":"https:\/\/taber.hr\/de\/wp-json\/wp\/v2\/pages\/11663","targetHints":{"allow":["GET"]}}],"collection":[{"href":"https:\/\/taber.hr\/de\/wp-json\/wp\/v2\/pages"}],"about":[{"href":"https:\/\/taber.hr\/de\/wp-json\/wp\/v2\/types\/page"}],"author":[{"embeddable":true,"href":"https:\/\/taber.hr\/de\/wp-json\/wp\/v2\/users\/1"}],"replies":[{"embeddable":true,"href":"https:\/\/taber.hr\/de\/wp-json\/wp\/v2\/comments?post=11663"}],"version-history":[{"count":10,"href":"https:\/\/taber.hr\/de\/wp-json\/wp\/v2\/pages\/11663\/revisions"}],"predecessor-version":[{"id":11731,"href":"https:\/\/taber.hr\/de\/wp-json\/wp\/v2\/pages\/11663\/revisions\/11731"}],"wp:attachment":[{"href":"https:\/\/taber.hr\/de\/wp-json\/wp\/v2\/media?parent=11663"}],"curies":[{"name":"wp","href":"https:\/\/api.w.org\/{rel}","templated":true}]}}