{"id":11662,"date":"2025-03-27T08:02:14","date_gmt":"2025-03-27T08:02:14","guid":{"rendered":"https:\/\/taber.hr\/general-terms-and-conditions\/"},"modified":"2025-05-29T10:58:46","modified_gmt":"2025-05-29T10:58:46","slug":"opci-uvjeti-poslovanja","status":"publish","type":"page","link":"https:\/\/taber.hr\/hr\/opci-uvjeti-poslovanja\/","title":{"rendered":"Op\u0107i uvjeti poslovanja"},"content":{"rendered":"\t\t<div data-elementor-type=\"wp-page\" data-elementor-id=\"11662\" class=\"elementor elementor-11662 elementor-11652\" data-elementor-post-type=\"page\">\n\t\t\t\t<div class=\"elementor-element elementor-element-1ad890ba e-flex e-con-boxed e-con e-parent\" data-id=\"1ad890ba\" data-element_type=\"container\" data-e-type=\"container\">\n\t\t\t\t\t<div class=\"e-con-inner\">\n\t\t\t\t<div class=\"elementor-element elementor-element-2e59a5e8 elementor-widget elementor-widget-text-editor\" data-id=\"2e59a5e8\" data-element_type=\"widget\" data-e-type=\"widget\" data-widget_type=\"text-editor.default\">\n\t\t\t\t<div class=\"elementor-widget-container\">\n\t\t\t\t\t\t\t\t\t<p>EFFECTUS d.o.o.<br \/>Vesla\u010dka ulica 6, Zadar, Hrvatska<br \/>OIB: 02958603986<\/p><h2><strong>MOBILNE KU\u0106ICE<\/strong><\/h2><h3><strong>CJENIK RANOG REZERVIRANJA <\/strong><\/h3><ul><li>30% rezervacije napla\u0107uje se unutar 5 dana od rezervacije. Gost \u0107e na svoju e-mail adresu primiti poveznicu za pla\u0107anje.<\/li><li>U slu\u010daju pla\u0107anja bankovnim prijenosom, uplata (30%) mora biti izvr\u0161ena najkasnije 5 dana nakon potvrde rezervacije.<\/li><li>Predujam je nepovratan.<\/li><li>Preostali iznos rezervacije pla\u0107a se na recepciji kampa.<\/li><\/ul><h4><strong>Rokovi otkazivanja:<\/strong><\/h4><ul><li><strong>Za boravke od 19.04. do 11.07. i od 16.08. do 03.10.2025.<\/strong> \u2013 Besplatno otkazivanje mogu\u0107e je do <strong>5\u00a0dana prije dolaska<\/strong> (do 14:00 CET).<\/li><li><strong>Za boravke od 12.07. do 15.08.2025<\/strong>. \u2013 Besplatno otkazivanje mogu\u0107e je do <strong>7\u00a0dana prije dolaska<\/strong> (do 14:00 CET)<\/li><\/ul><ul><li>Kao jamstvo rezervacije potrebna je kreditna kartica.<\/li><li>U slu\u010daju nedolaska bez prethodnog otkazivanja rezervacije, zara\u010dunavamo puni iznos rezervacije na va\u0161u karticu.<\/li><li>U slu\u010daju ranijeg odlaska, napla\u0107uje se puni iznos rezervacije, osim ako je razlog odlaska bolest ili vi\u0161a sila.<\/li><li>Gost mo\u017ee zatra\u017eiti otkazivanje rezervacije i povrat upla\u0107enih sredstava. Upla\u0107eni iznos bit \u0107e vra\u0107en gostu bankovnim prijenosom u roku od 30 radnih dana.<\/li><\/ul><h3><strong>CJENIK BEZ POVRATA<\/strong><\/h3><ul><li>Nije mogu\u0107e otkazati rezervaciju.<\/li><li>Puni iznos rezervacije napla\u0107uje se unutar 5 dana od rezervacije.<\/li><\/ul><h4><strong>IZMJENA DATUMA ZA REZERVACIJE BEZ MOGU\u0106NOSTI POVRATA NOVCA:<\/strong><\/h4><ul><li>Izmjena datuma mo\u017ee se izvr\u0161iti samo jednom, uz zadr\u017eavanje iste ili vi\u0161e cijene, s istim uvjetima rezervacije i vrstom jedinice. Izmjena datuma ovisi o\u00a0 trenutnoj raspolo\u017eivosti, cijenama i ograni\u010denjima. Za izmjenu datuma, molimo vas da po\u0161aljete upit na <strong>sales@taber.hr<\/strong><\/li><li>U slu\u010daju pla\u0107anja bankovnom doznakom, uplatu je potrebno izvr\u0161iti najkasnije 5 dana nakon potvrde rezervacije<\/li><li>U slu\u010daju prijevremenog odlaska napla\u0107uje se puni iznos rezervacije osim ako su razlog odlaska bolest ili vi\u0161a sila.<\/li><li>Gost mo\u017ee zatra\u017eiti poni\u0161tenje rezervacije i povrat upla\u0107enih sredstava. Ukoliko odobreno, pla\u0107eni novac se vra\u0107a gostu u roku 30 radnih dana putem bankovnog transfera.<\/li><\/ul><h3><strong>STANDARDNI CJENIK<\/strong><\/h3><p><strong>Besplatno otkazivanje rezervacije u razdobljima:<\/strong><\/p><ul><li>19.04.-11.07. i 16.08.-3.10.2025. \u2013 do 5 dana (14:00 CET) prije dolaska.<\/li><li>12.07.-15.08.2025. \u2013 do 7 dana (14:00 CET) prije dolaska.<\/li><\/ul><ul><li>Kreditna kartica je obavezna kao garancija rezervacije.<\/li><li>U slu\u010daju nedolaska, a bez prethodnog otkaza rezervacije, teretimo Va\u0161u karticu za ukupan iznos rezervacije.<\/li><li>Va\u0161a kreditna kartica mo\u017ee se predautorizirati 30 dana prije dolaska za iznos prvog no\u0107enja.<\/li><li>Unutar otkaznog roka mo\u017eemo teretiti Va\u0161u kreditnu karticu za iznos prvog no\u0107enja po smje\u0161tajnoj jedinici. Za otkaz rezervacije nakon otkaznog roka zadr\u017eavamo tere\u0107eni iznos.<\/li><li>U slu\u010daju neuspjele predautorizacije Va\u0161e kreditne kartice, bit \u0107ete obavije\u0161teni. Ukoliko ne uspijemo teretiti Va\u0161u kreditnu karticu, Va\u0161a \u0107e rezervacija biti otkazana.<\/li><li>Ako gost nema kreditnu karticu, na ime garancije napla\u0107uje se polog od 20% od iznosa rezervacije. Pla\u0107anje garancijskog depozita putem bankovnih transfera, za goste bez kreditne kartice, mora se izvr\u0161iti najkasnije 5 dana nakon nastanka rezervacije.<\/li><li>U slu\u010daju prijevremenog odlaska napla\u0107uje se puni iznos rezervacije osim ako su razlog odlaska bolest ili vi\u0161a sila.<\/li><li>Gost mo\u017ee zatra\u017eiti poni\u0161tenje rezervacije i povrat upla\u0107enih sredstava. Upla\u0107eni novac se vra\u0107a gostu u roku 30 radnih dana putem bankovnog transfera.<\/li><\/ul><p>2 DOOR d.o.o.<br \/>Put Tratice, Nevi\u0111ane, Hrvatska<br \/>OIB: 74642841175<\/p><p><strong>\u00a0<\/strong><\/p><h2><strong>PARCELE<\/strong><\/h2><h3><strong>STANDARDNI CJENIK<\/strong><\/h3><p><strong>Cijena uklju\u010duje: parcelu + 4 osobe + priklju\u010dak struje i vode<\/strong><\/p><p><strong>Nadoplate za dodatne osobe obra\u010dunavaju se na recepciji kampa:<\/strong><\/p><ul><li>04.-02.05. &amp; 20.09.-3.10.: 6,00 EUR po osobi po no\u0107i<\/li><li>05.-06.06. &amp; 13.09.-19.09.: 6,00 EUR po osobi po no\u0107i<\/li><li>06.-27.06. &amp; 30.08.-12.09.: 7,50 EUR po osobi po no\u0107i<\/li><li>06.-11.07. &amp; 16.08.-29.08.: 9,00 EUR po osobi po no\u0107i<\/li><li>07.-15.08.: 11,00 EUR po osobi po no\u0107i<\/li><\/ul><h4><strong>Besplatno otkazivanje rezervacije u razdobljima:<\/strong><\/h4><ul><li>19.04.-27.06. i 30.08.-3.10.2025. \u2013 5 dana (14:00 CET) prije dolaska.<\/li><li>28.06.-29.08.\u00a0 \u2013 7 dana (14:00 CET) prije dolaska.<\/li><li>Kreditna kartica je obavezna kao garancija rezervacije.<\/li><li>U slu\u010daju nedolaska, a bez prethodnog otkaza rezervacije, teretimo Va\u0161u karticu za ukupan iznos rezervacije.<\/li><li>U slu\u010daju ranijeg odlaska, teretimo vas za puni iznos rezervacije.<\/li><li>Va\u0161a kreditna kartica mo\u017ee se predautorizirati 30 dana prije dolaska za iznos prvog no\u0107enja.<\/li><li>Unutar otkaznog roka mo\u017eemo teretiti Va\u0161u kreditnu karticu za iznos prvog no\u0107enja po smje\u0161tajnoj jedinici. Za otkaz rezervacije nakon otkaznog roka zadr\u017eavamo tere\u0107eni iznos.<\/li><li>U slu\u010daju neuspjele predautorizacije Va\u0161e kreditne kartice, bit \u0107ete obavije\u0161teni. Ukoliko ne uspijemo teretiti Va\u0161u kreditnu karticu, Va\u0161a \u0107e rezervacija biti otkazana.<\/li><li>Ako gost nema kreditnu karticu, na ime garancije napla\u0107uje se polog od 20.00% od iznosa rezervacije. Pla\u0107anje garancijskog depozita putem bankovnih transfera, za goste bez kreditne kartice, mora se izvr\u0161iti najkasnije 5 dana nakon nastanka rezervacije.<\/li><li>U slu\u010daju ranijeg odlaska napla\u0107uje se puni iznos rezervacije, osim ako je razlog odlaska bolest ili vi\u0161a sila. Gost mo\u017ee zatra\u017eiti otkazivanje rezervacije i povrat upla\u0107enih sredstava. Upla\u0107eni novac vra\u0107a se gostu u roku od 30 radnih dana bankovnim transferom.<\/li><\/ul><p><strong>Dodatni popusti se ne primjenjuju (ADAC, ACSI, itd.).<\/strong><\/p><h3><strong>CJENIK BEZ POVRATA<\/strong><\/h3><p><strong>Cijena uklju\u010duje: parcelu + 4 osobe + priklju\u010dak struje i vode<\/strong><\/p><p><strong>Nadoplate za dodatne osobe obra\u010dunavaju se na recepciji kampa:<\/strong><\/p><ul><li>04.-02.05. &amp; 20.09.-3.10.: 6,00 EUR po osobi po no\u0107i<\/li><li>05.-06.06. &amp; 13.09.-19.09.: 6,00 EUR po osobi po no\u0107i<\/li><li>06.-27.06. &amp; 30.08.-12.09.: 7,50 EUR po osobi po no\u0107i<\/li><li>06.-11.07. &amp; 16.08.-29.08.: 9,00 EUR po osobi po no\u0107i<\/li><li>07.-15.08.: 11,00 EUR po osobi po no\u0107i<\/li><li><strong>Rezervaciju nije mogu\u0107e otkazati.<\/strong><\/li><li><strong>Cijeli iznos rezervacije napla\u0107uje se u roku od 5 dana od rezervacije.\u00a0Gost \u0107e primiti poveznicu za pla\u0107anje na svoju e-mail adresu<\/strong>.<\/li><\/ul><h4><strong>IZMJENA DATUMA ZA REZERVACIJE BEZ MOGU\u0106NOSTI POVRATA NOVCA:<\/strong><\/h4><ul><li>Izmjena datuma mo\u017ee se izvr\u0161iti samo jednom, uz zadr\u017eavanje iste ili vi\u0161e cijene, s istim uvjetima rezervacije i vrstom jedinice. Izmjena datuma ovisi o\u00a0 trenutnoj raspolo\u017eivosti, cijenama i ograni\u010denjima. Za izmjenu datuma, molimo vas da po\u0161aljete upit na <strong>sales@taber.hr<\/strong><\/li><li>U slu\u010daju pla\u0107anja bankovnom doznakom, uplatu je potrebno izvr\u0161iti najkasnije 5 dana nakon potvrde rezervacije<\/li><li>U slu\u010daju prijevremenog odlaska napla\u0107uje se puni iznos rezervacije osim ako su razlog odlaska bolest ili vi\u0161a sila.<\/li><li>Gost mo\u017ee zatra\u017eiti poni\u0161tenje rezervacije i povrat upla\u0107enih sredstava. Ukoliko odobreno, pla\u0107eni novac se vra\u0107a gostu u roku 30 radnih dana putem bankovnog transfera.<\/li><\/ul><p><strong>Dodatni popusti se ne primjenjuju (ADAC, ACSI, itd.).<\/strong><\/p><p><strong>\u00a0<\/strong><\/p><h3><strong>CJENIK RANOG REZERVIRANJA <\/strong><\/h3><p><strong>Cijena uklju\u010duje: parcelu + 4 osobe + priklju\u010dak struje i vode<\/strong><\/p><p><strong>Nadoplate za dodatne osobe obra\u010dunavaju se na recepciji kampa:<\/strong><\/p><ul><li>04.-02.05. &amp; 20.09.-3.10.: 6,00 EUR po osobi po no\u0107i<\/li><li>05.-06.06. &amp; 13.09.-19.09.: 6,00 EUR po osobi po no\u0107i<\/li><li>06.-27.06. &amp; 30.08.-12.09.: 7,50 EUR po osobi po no\u0107i<\/li><li>06.-11.07. &amp; 16.08.-29.08.: 9,00 EUR po osobi po no\u0107i<\/li><li>07.-15.08.: 11,00 EUR po osobi po no\u0107i<\/li><\/ul><h4><strong>Rokovi otkazivanja:<\/strong><\/h4><ul><li>19.04.-27.06. i 30.08.-3.10.2025. \u2013 5 dana (14:00 CET) prije dolaska.<\/li><li>28.06.-29.08.2025. \u20137 dana (14:00 CET) prije dolaska.<\/li><li>Kao jamstvo rezervacije potrebna je kreditna kartica.<\/li><li>U slu\u010daju nedolaska bez prethodnog otkazivanja rezervacije, teretimo Va\u0161u karticu za ukupan iznos rezervacije.<\/li><li>U slu\u010daju ranijeg odlaska, napla\u0107uje se puni iznos rezervacije<\/li><\/ul><p><strong>Dodatni popusti se ne primjenjuju (ADAC, ACSI, itd.).<\/strong><\/p>\t\t\t\t\t\t\t\t<\/div>\n\t\t\t\t<\/div>\n\t\t\t\t\t<\/div>\n\t\t\t\t<\/div>\n\t\t\t\t<\/div>\n\t\t","protected":false},"excerpt":{"rendered":"<p>EFFECTUS d.o.o.Vesla\u010dka ulica 6, Zadar, HrvatskaOIB: 02958603986 MOBILNE KU\u0106ICE CJENIK RANOG REZERVIRANJA 30% rezervacije napla\u0107uje se unutar 5 dana od rezervacije. Gost \u0107e na svoju e-mail adresu primiti poveznicu za pla\u0107anje. U slu\u010daju pla\u0107anja bankovnim prijenosom, uplata (30%) mora biti izvr\u0161ena najkasnije 5 dana nakon potvrde rezervacije. Predujam je nepovratan. Preostali iznos rezervacije pla\u0107a se [&hellip;]<\/p>\n","protected":false},"author":1,"featured_media":0,"parent":0,"menu_order":0,"comment_status":"closed","ping_status":"closed","template":"","meta":{"footnotes":""},"class_list":["post-11662","page","type-page","status-publish","hentry"],"yoast_head":"<!-- This site is optimized with the Yoast SEO plugin v27.4 - https:\/\/yoast.com\/product\/yoast-seo-wordpress\/ -->\n<title>Op\u0107i uvjeti poslovanja - Taber Discrete Lodging<\/title>\n<meta name=\"robots\" content=\"index, follow, max-snippet:-1, max-image-preview:large, max-video-preview:-1\" \/>\n<link rel=\"canonical\" href=\"https:\/\/taber.hr\/hr\/opci-uvjeti-poslovanja\/\" \/>\n<meta property=\"og:locale\" content=\"hr_HR\" \/>\n<meta property=\"og:type\" content=\"article\" \/>\n<meta property=\"og:title\" content=\"Op\u0107i uvjeti poslovanja - Taber Discrete Lodging\" \/>\n<meta property=\"og:description\" content=\"EFFECTUS d.o.o.Vesla\u010dka ulica 6, Zadar, HrvatskaOIB: 02958603986 MOBILNE KU\u0106ICE CJENIK RANOG REZERVIRANJA 30% rezervacije napla\u0107uje se unutar 5 dana od rezervacije. Gost \u0107e na svoju e-mail adresu primiti poveznicu za pla\u0107anje. U slu\u010daju pla\u0107anja bankovnim prijenosom, uplata (30%) mora biti izvr\u0161ena najkasnije 5 dana nakon potvrde rezervacije. Predujam je nepovratan. Preostali iznos rezervacije pla\u0107a se [&hellip;]\" \/>\n<meta property=\"og:url\" content=\"https:\/\/taber.hr\/hr\/opci-uvjeti-poslovanja\/\" \/>\n<meta property=\"og:site_name\" content=\"Taber Discrete Lodging\" \/>\n<meta property=\"article:modified_time\" content=\"2025-05-29T10:58:46+00:00\" \/>\n<meta name=\"twitter:card\" content=\"summary_large_image\" \/>\n<meta name=\"twitter:label1\" content=\"Procijenjeno vrijeme \u010ditanja\" \/>\n\t<meta name=\"twitter:data1\" content=\"6 minuta\" \/>\n<script type=\"application\/ld+json\" class=\"yoast-schema-graph\">{\"@context\":\"https:\\\/\\\/schema.org\",\"@graph\":[{\"@type\":\"WebPage\",\"@id\":\"https:\\\/\\\/taber.hr\\\/hr\\\/opci-uvjeti-poslovanja\\\/\",\"url\":\"https:\\\/\\\/taber.hr\\\/hr\\\/opci-uvjeti-poslovanja\\\/\",\"name\":\"Op\u0107i uvjeti poslovanja - Taber Discrete Lodging\",\"isPartOf\":{\"@id\":\"https:\\\/\\\/taber.hr\\\/#website\"},\"datePublished\":\"2025-03-27T08:02:14+00:00\",\"dateModified\":\"2025-05-29T10:58:46+00:00\",\"breadcrumb\":{\"@id\":\"https:\\\/\\\/taber.hr\\\/hr\\\/opci-uvjeti-poslovanja\\\/#breadcrumb\"},\"inLanguage\":\"hr\",\"potentialAction\":[{\"@type\":\"ReadAction\",\"target\":[\"https:\\\/\\\/taber.hr\\\/hr\\\/opci-uvjeti-poslovanja\\\/\"]}]},{\"@type\":\"BreadcrumbList\",\"@id\":\"https:\\\/\\\/taber.hr\\\/hr\\\/opci-uvjeti-poslovanja\\\/#breadcrumb\",\"itemListElement\":[{\"@type\":\"ListItem\",\"position\":1,\"name\":\"Home\",\"item\":\"https:\\\/\\\/taber.hr\\\/\"},{\"@type\":\"ListItem\",\"position\":2,\"name\":\"Op\u0107i uvjeti poslovanja\"}]},{\"@type\":\"WebSite\",\"@id\":\"https:\\\/\\\/taber.hr\\\/#website\",\"url\":\"https:\\\/\\\/taber.hr\\\/\",\"name\":\"Taber Discrete Lodging\",\"description\":\"\",\"potentialAction\":[{\"@type\":\"SearchAction\",\"target\":{\"@type\":\"EntryPoint\",\"urlTemplate\":\"https:\\\/\\\/taber.hr\\\/?s={search_term_string}\"},\"query-input\":{\"@type\":\"PropertyValueSpecification\",\"valueRequired\":true,\"valueName\":\"search_term_string\"}}],\"inLanguage\":\"hr\"}]}<\/script>\n<!-- \/ Yoast SEO plugin. -->","yoast_head_json":{"title":"Op\u0107i uvjeti poslovanja - Taber Discrete Lodging","robots":{"index":"index","follow":"follow","max-snippet":"max-snippet:-1","max-image-preview":"max-image-preview:large","max-video-preview":"max-video-preview:-1"},"canonical":"https:\/\/taber.hr\/hr\/opci-uvjeti-poslovanja\/","og_locale":"hr_HR","og_type":"article","og_title":"Op\u0107i uvjeti poslovanja - Taber Discrete Lodging","og_description":"EFFECTUS d.o.o.Vesla\u010dka ulica 6, Zadar, HrvatskaOIB: 02958603986 MOBILNE KU\u0106ICE CJENIK RANOG REZERVIRANJA 30% rezervacije napla\u0107uje se unutar 5 dana od rezervacije. Gost \u0107e na svoju e-mail adresu primiti poveznicu za pla\u0107anje. U slu\u010daju pla\u0107anja bankovnim prijenosom, uplata (30%) mora biti izvr\u0161ena najkasnije 5 dana nakon potvrde rezervacije. Predujam je nepovratan. Preostali iznos rezervacije pla\u0107a se [&hellip;]","og_url":"https:\/\/taber.hr\/hr\/opci-uvjeti-poslovanja\/","og_site_name":"Taber Discrete Lodging","article_modified_time":"2025-05-29T10:58:46+00:00","twitter_card":"summary_large_image","twitter_misc":{"Procijenjeno vrijeme \u010ditanja":"6 minuta"},"schema":{"@context":"https:\/\/schema.org","@graph":[{"@type":"WebPage","@id":"https:\/\/taber.hr\/hr\/opci-uvjeti-poslovanja\/","url":"https:\/\/taber.hr\/hr\/opci-uvjeti-poslovanja\/","name":"Op\u0107i uvjeti poslovanja - Taber Discrete Lodging","isPartOf":{"@id":"https:\/\/taber.hr\/#website"},"datePublished":"2025-03-27T08:02:14+00:00","dateModified":"2025-05-29T10:58:46+00:00","breadcrumb":{"@id":"https:\/\/taber.hr\/hr\/opci-uvjeti-poslovanja\/#breadcrumb"},"inLanguage":"hr","potentialAction":[{"@type":"ReadAction","target":["https:\/\/taber.hr\/hr\/opci-uvjeti-poslovanja\/"]}]},{"@type":"BreadcrumbList","@id":"https:\/\/taber.hr\/hr\/opci-uvjeti-poslovanja\/#breadcrumb","itemListElement":[{"@type":"ListItem","position":1,"name":"Home","item":"https:\/\/taber.hr\/"},{"@type":"ListItem","position":2,"name":"Op\u0107i uvjeti poslovanja"}]},{"@type":"WebSite","@id":"https:\/\/taber.hr\/#website","url":"https:\/\/taber.hr\/","name":"Taber Discrete Lodging","description":"","potentialAction":[{"@type":"SearchAction","target":{"@type":"EntryPoint","urlTemplate":"https:\/\/taber.hr\/?s={search_term_string}"},"query-input":{"@type":"PropertyValueSpecification","valueRequired":true,"valueName":"search_term_string"}}],"inLanguage":"hr"}]}},"_links":{"self":[{"href":"https:\/\/taber.hr\/hr\/wp-json\/wp\/v2\/pages\/11662","targetHints":{"allow":["GET"]}}],"collection":[{"href":"https:\/\/taber.hr\/hr\/wp-json\/wp\/v2\/pages"}],"about":[{"href":"https:\/\/taber.hr\/hr\/wp-json\/wp\/v2\/types\/page"}],"author":[{"embeddable":true,"href":"https:\/\/taber.hr\/hr\/wp-json\/wp\/v2\/users\/1"}],"replies":[{"embeddable":true,"href":"https:\/\/taber.hr\/hr\/wp-json\/wp\/v2\/comments?post=11662"}],"version-history":[{"count":7,"href":"https:\/\/taber.hr\/hr\/wp-json\/wp\/v2\/pages\/11662\/revisions"}],"predecessor-version":[{"id":11725,"href":"https:\/\/taber.hr\/hr\/wp-json\/wp\/v2\/pages\/11662\/revisions\/11725"}],"wp:attachment":[{"href":"https:\/\/taber.hr\/hr\/wp-json\/wp\/v2\/media?parent=11662"}],"curies":[{"name":"wp","href":"https:\/\/api.w.org\/{rel}","templated":true}]}}