{"id":6672,"date":"2023-10-27T07:26:18","date_gmt":"2023-10-27T07:26:18","guid":{"rendered":"https:\/\/taber.hr\/contact\/"},"modified":"2026-04-08T11:03:43","modified_gmt":"2026-04-08T11:03:43","slug":"kontakt","status":"publish","type":"page","link":"https:\/\/taber.hr\/hr\/kontakt\/","title":{"rendered":"Kontakt"},"content":{"rendered":"\t\t<div data-elementor-type=\"wp-page\" data-elementor-id=\"6672\" class=\"elementor elementor-6672 elementor-5915\" data-elementor-post-type=\"page\">\n\t\t\t\t<div class=\"elementor-element elementor-element-d177ca9 page_content e-flex e-con-boxed e-con e-parent\" data-id=\"d177ca9\" data-element_type=\"container\" data-e-type=\"container\" data-settings=\"{&quot;background_background&quot;:&quot;classic&quot;}\">\n\t\t\t\t\t<div class=\"e-con-inner\">\n\t\t<div class=\"elementor-element elementor-element-02b87ae e-con-full e-flex e-con e-child\" data-id=\"02b87ae\" data-element_type=\"container\" data-e-type=\"container\">\n\t\t\t\t<div class=\"elementor-element elementor-element-205d97c elementor-widget elementor-widget-hub_fancy_heading lqd-el-has-inner-anim\" data-id=\"205d97c\" data-element_type=\"widget\" data-e-type=\"widget\" data-settings=\"{&quot;enable_split&quot;:&quot;true&quot;,&quot;split_type&quot;:&quot;chars, words&quot;}\" data-widget_type=\"hub_fancy_heading.default\">\n\t\t\t\t<div class=\"elementor-widget-container\">\n\t\t\t\t\t\n\t\t<div id=\"ld-fancy-heading-69e8f09bb5fce\" class=\"ld-fancy-heading pos-rel\">\n\t\t\t<h2 class=\"ld-fh-element d-inline-block pos-rel  elementor-heading-title lqd-highlight-classic lqd-highlight-grow-left lqd-split-chars h2\"  data-split-text=\"true\" data-split-options='{\"type\":\"chars, words\"}'> Kontakt informacije<\/h2>\t\t<\/div>\n\n\t\t\t\t\t\t<\/div>\n\t\t\t\t<\/div>\n\t\t\t\t<div class=\"elementor-element elementor-element-bbf7a4b elementor-position-inline-start elementor-widget__width-inherit elementor-view-default elementor-mobile-position-block-start elementor-widget elementor-widget-icon-box\" data-id=\"bbf7a4b\" data-element_type=\"widget\" data-e-type=\"widget\" data-widget_type=\"icon-box.default\">\n\t\t\t\t<div class=\"elementor-widget-container\">\n\t\t\t\t\t\t\t<div class=\"elementor-icon-box-wrapper\">\n\n\t\t\t\t\t\t<div class=\"elementor-icon-box-icon\">\n\t\t\t\t<span  class=\"elementor-icon\">\n\t\t\t\t<i aria-hidden=\"true\" class=\"fas fa-map-marker-alt\"><\/i>\t\t\t\t<\/span>\n\t\t\t<\/div>\n\t\t\t\n\t\t\t\t\t\t<div class=\"elementor-icon-box-content\">\n\n\t\t\t\t\t\t\t\t\t<h3 class=\"elementor-icon-box-title\">\n\t\t\t\t\t\t<span  >\n\t\t\t\t\t\t\tTaber Pa\u0161man\t\t\t\t\t\t<\/span>\n\t\t\t\t\t<\/h3>\n\t\t\t\t\n\t\t\t\t\t\t\t\t\t<p class=\"elementor-icon-box-description\">\n\t\t\t\t\t\tLu\u010dina 11 a, 23262 Pa\u0161man\t\t\t\t\t<\/p>\n\t\t\t\t\n\t\t\t<\/div>\n\t\t\t\n\t\t<\/div>\n\t\t\t\t\t\t<\/div>\n\t\t\t\t<\/div>\n\t\t\t\t<div class=\"elementor-element elementor-element-e306b7f elementor-position-inline-start elementor-widget__width-inherit elementor-view-default elementor-mobile-position-block-start elementor-widget elementor-widget-icon-box\" data-id=\"e306b7f\" data-element_type=\"widget\" data-e-type=\"widget\" data-widget_type=\"icon-box.default\">\n\t\t\t\t<div class=\"elementor-widget-container\">\n\t\t\t\t\t\t\t<div class=\"elementor-icon-box-wrapper\">\n\n\t\t\t\t\t\t<div class=\"elementor-icon-box-icon\">\n\t\t\t\t<a href=\"mailto:sales@taber.hr\" class=\"elementor-icon\" tabindex=\"-1\" aria-label=\"sales@taber.hr\">\n\t\t\t\t<i aria-hidden=\"true\" class=\"fas fa-envelope\"><\/i>\t\t\t\t<\/a>\n\t\t\t<\/div>\n\t\t\t\n\t\t\t\t\t\t<div class=\"elementor-icon-box-content\">\n\n\t\t\t\t\t\t\t\t\t<h3 class=\"elementor-icon-box-title\">\n\t\t\t\t\t\t<a href=\"mailto:sales@taber.hr\" >\n\t\t\t\t\t\t\tsales@taber.hr\t\t\t\t\t\t<\/a>\n\t\t\t\t\t<\/h3>\n\t\t\t\t\n\t\t\t\t\n\t\t\t<\/div>\n\t\t\t\n\t\t<\/div>\n\t\t\t\t\t\t<\/div>\n\t\t\t\t<\/div>\n\t\t\t\t<div class=\"elementor-element elementor-element-d5d232d elementor-position-inline-start elementor-widget__width-inherit elementor-view-default elementor-mobile-position-block-start elementor-widget elementor-widget-icon-box\" data-id=\"d5d232d\" data-element_type=\"widget\" data-e-type=\"widget\" data-widget_type=\"icon-box.default\">\n\t\t\t\t<div class=\"elementor-widget-container\">\n\t\t\t\t\t\t\t<div class=\"elementor-icon-box-wrapper\">\n\n\t\t\t\t\t\t<div class=\"elementor-icon-box-icon\">\n\t\t\t\t<a href=\"tel:+385%2023%20777%20034\" class=\"elementor-icon\" tabindex=\"-1\" aria-label=\"+385 23 777 034\">\n\t\t\t\t<i aria-hidden=\"true\" class=\"fas fa-phone-alt\"><\/i>\t\t\t\t<\/a>\n\t\t\t<\/div>\n\t\t\t\n\t\t\t\t\t\t<div class=\"elementor-icon-box-content\">\n\n\t\t\t\t\t\t\t\t\t<h3 class=\"elementor-icon-box-title\">\n\t\t\t\t\t\t<a href=\"tel:+385%2023%20777%20034\" >\n\t\t\t\t\t\t\t+385 23 777 034\t\t\t\t\t\t<\/a>\n\t\t\t\t\t<\/h3>\n\t\t\t\t\n\t\t\t\t\n\t\t\t<\/div>\n\t\t\t\n\t\t<\/div>\n\t\t\t\t\t\t<\/div>\n\t\t\t\t<\/div>\n\t\t\t\t<\/div>\n\t\t<div class=\"elementor-element elementor-element-06858b5 e-con-full e-flex e-con e-child\" data-id=\"06858b5\" data-element_type=\"container\" data-e-type=\"container\">\n\t\t\t\t<div class=\"elementor-element elementor-element-2fd0b52 elementor-widget elementor-widget-text-editor\" data-id=\"2fd0b52\" data-element_type=\"widget\" data-e-type=\"widget\" data-widget_type=\"text-editor.default\">\n\t\t\t\t<div class=\"elementor-widget-container\">\n\t\t\t\t\t\t\t\t\t<p>Pi\u0161ite nam i odgovorit \u0107emo vam \u0161to je prije mogu\u0107e.<\/p>\n\t\t\t\t\t\t\t\t<\/div>\n\t\t\t\t<\/div>\n\t\t\t\t<div class=\"elementor-element elementor-element-35b59cb elementor-widget__width-inherit elementor-widget elementor-widget-shortcode\" data-id=\"35b59cb\" data-element_type=\"widget\" data-e-type=\"widget\" data-widget_type=\"shortcode.default\">\n\t\t\t\t<div class=\"elementor-widget-container\">\n\t\t\t\t\t\t\t<div class=\"elementor-shortcode\">\n<div class=\"wpcf7 no-js\" id=\"wpcf7-f6790-o1\" lang=\"en-US\" dir=\"ltr\" data-wpcf7-id=\"6790\">\n<div class=\"screen-reader-response\"><p role=\"status\" aria-live=\"polite\" aria-atomic=\"true\"><\/p> <ul><\/ul><\/div>\n<form action=\"\/hr\/wp-json\/wp\/v2\/pages\/6672#wpcf7-f6790-o1\" method=\"post\" class=\"wpcf7-form init\" aria-label=\"Contact form\" novalidate=\"novalidate\" data-status=\"init\">\n<fieldset class=\"hidden-fields-container\"><input type=\"hidden\" name=\"_wpcf7\" value=\"6790\" \/><input type=\"hidden\" name=\"_wpcf7_version\" value=\"6.1.5\" \/><input type=\"hidden\" name=\"_wpcf7_locale\" value=\"en_US\" \/><input type=\"hidden\" name=\"_wpcf7_unit_tag\" value=\"wpcf7-f6790-o1\" \/><input type=\"hidden\" name=\"_wpcf7_container_post\" value=\"0\" \/><input type=\"hidden\" name=\"_wpcf7_posted_data_hash\" value=\"\" \/><input type=\"hidden\" name=\"_wpcf7_recaptcha_response\" value=\"\" \/>\n<\/fieldset>\n<p><label> <span class=\"wpcf7-form-control-wrap\" data-name=\"your-name\"><input size=\"40\" maxlength=\"400\" class=\"wpcf7-form-control wpcf7-text wpcf7-validates-as-required\" aria-required=\"true\" aria-invalid=\"false\" placeholder=\"Va\u0161e ime\" value=\"\" type=\"text\" name=\"your-name\" \/><\/span> <\/label>\n<\/p>\n<p><label> <span class=\"wpcf7-form-control-wrap\" data-name=\"your-email\"><input size=\"40\" maxlength=\"400\" class=\"wpcf7-form-control wpcf7-email wpcf7-validates-as-required wpcf7-text wpcf7-validates-as-email\" aria-required=\"true\" aria-invalid=\"false\" placeholder=\"Email\" value=\"\" type=\"email\" name=\"your-email\" \/><\/span> <\/label>\n<\/p>\n<p><label> <span class=\"wpcf7-form-control-wrap\" data-name=\"your-message\"><textarea cols=\"40\" rows=\"10\" maxlength=\"2000\" class=\"wpcf7-form-control wpcf7-textarea wpcf7-validates-as-required\" aria-required=\"true\" aria-invalid=\"false\" placeholder=\"Poruka\" name=\"your-message\"><\/textarea><\/span> <\/label>\n<\/p>\n<div class=\"form_info\">\n\t<p>Va\u0161i podaci pohraniti \u0107e se na email serveru i koristit \u0107e se isklju\u010divo u svrhu komunikacije s Vama nastavno na poslani upit, te se ne\u0107e dijeliti s tre\u0107im stranama bez Va\u0161e izri\u010dite privole.\n\t<\/p>\n<\/div>\n<p><input class=\"wpcf7-form-control wpcf7-submit has-spinner\" type=\"submit\" value=\"Po\u0161alji\" \/>\n<\/p><div class=\"wpcf7-response-output\" aria-hidden=\"true\"><\/div>\n<\/form>\n<\/div>\n<\/div>\n\t\t\t\t\t\t<\/div>\n\t\t\t\t<\/div>\n\t\t\t\t<\/div>\n\t\t\t\t\t<\/div>\n\t\t\t\t<\/div>\n\t\t<div class=\"elementor-element elementor-element-1e0d77a page_content e-con-full e-flex e-con e-parent\" data-id=\"1e0d77a\" data-element_type=\"container\" data-e-type=\"container\" data-settings=\"{&quot;background_background&quot;:&quot;classic&quot;}\">\n\t\t<div class=\"elementor-element elementor-element-e3718a3 e-con-full e-flex e-con e-child\" data-id=\"e3718a3\" data-element_type=\"container\" data-e-type=\"container\">\n\t\t\t\t<div class=\"elementor-element elementor-element-6b9f505 elementor-widget elementor-widget-html\" data-id=\"6b9f505\" data-element_type=\"widget\" data-e-type=\"widget\" data-widget_type=\"html.default\">\n\t\t\t\t<div class=\"elementor-widget-container\">\n\t\t\t\t\t<iframe   src=\"https:\/\/www.google.com\/maps\/embed?pb=!1m18!1m12!1m3!1d183800.2775080082!2d15.222175256602352!3d43.961861711408396!2m3!1f0!2f0!3f0!3m2!1i1024!2i768!4f13.1!3m3!1m2!1s0x4761e1cb72034dab%3A0xf0f7be0c116404b6!2sKamp%20Pa%C5%A1man!5e0!3m2!1shr!2shr!4v1710932340537!5m2!1shr!2shr\" width=\"100%\" height=\"450\" style=\"border:0;\" allowfullscreen=\"\" loading=\"lazy\" referrerpolicy=\"no-referrer-when-downgrade\"><\/iframe>\t\t\t\t<\/div>\n\t\t\t\t<\/div>\n\t\t\t\t<\/div>\n\t\t\t\t<\/div>\n\t\t\t\t<\/div>\n\t\t","protected":false},"excerpt":{"rendered":"<p>Kontakt informacije Taber Pa\u0161man Lu\u010dina 11 a, 23262 Pa\u0161man sales@taber.hr +385 23 777 034 Pi\u0161ite nam i odgovorit \u0107emo vam \u0161to je prije mogu\u0107e.<\/p>\n","protected":false},"author":1,"featured_media":0,"parent":0,"menu_order":0,"comment_status":"closed","ping_status":"closed","template":"elementor_header_footer","meta":{"footnotes":""},"class_list":["post-6672","page","type-page","status-publish","hentry"],"yoast_head":"<!-- This site is optimized with the Yoast SEO plugin v27.4 - https:\/\/yoast.com\/product\/yoast-seo-wordpress\/ -->\n<title>Kontakt - Taber Discrete Lodging<\/title>\n<meta name=\"description\" content=\"Pi\u0161ite nam i odgovorit \u0107emo vam \u0161to je prije mogu\u0107e. Taber Pa\u0161man - Lu\u010dina 155 b, 23262 Pa\u0161man\" \/>\n<meta name=\"robots\" content=\"index, follow, max-snippet:-1, max-image-preview:large, max-video-preview:-1\" \/>\n<link rel=\"canonical\" href=\"https:\/\/taber.hr\/de\/kontakt\/\" \/>\n<meta property=\"og:locale\" content=\"hr_HR\" \/>\n<meta property=\"og:type\" content=\"article\" \/>\n<meta property=\"og:title\" content=\"Kontakt - Taber Discrete Lodging\" \/>\n<meta property=\"og:description\" content=\"Pi\u0161ite nam i odgovorit \u0107emo vam \u0161to je prije mogu\u0107e. Taber Pa\u0161man - Lu\u010dina 155 b, 23262 Pa\u0161man\" \/>\n<meta property=\"og:url\" content=\"https:\/\/taber.hr\/de\/kontakt\/\" \/>\n<meta property=\"og:site_name\" content=\"Taber Discrete Lodging\" \/>\n<meta property=\"article:modified_time\" content=\"2026-04-08T11:03:43+00:00\" \/>\n<meta name=\"twitter:card\" content=\"summary_large_image\" \/>\n<meta name=\"twitter:label1\" content=\"Procijenjeno vrijeme \u010ditanja\" \/>\n\t<meta name=\"twitter:data1\" content=\"1 minuta\" \/>\n<script type=\"application\/ld+json\" class=\"yoast-schema-graph\">{\"@context\":\"https:\\\/\\\/schema.org\",\"@graph\":[{\"@type\":\"WebPage\",\"@id\":\"https:\\\/\\\/taber.hr\\\/de\\\/kontakt\\\/\",\"url\":\"https:\\\/\\\/taber.hr\\\/de\\\/kontakt\\\/\",\"name\":\"Kontakt - Taber Discrete Lodging\",\"isPartOf\":{\"@id\":\"https:\\\/\\\/taber.hr\\\/#website\"},\"datePublished\":\"2023-10-27T07:26:18+00:00\",\"dateModified\":\"2026-04-08T11:03:43+00:00\",\"description\":\"Pi\u0161ite nam i odgovorit \u0107emo vam \u0161to je prije mogu\u0107e. Taber Pa\u0161man - Lu\u010dina 155 b, 23262 Pa\u0161man\",\"breadcrumb\":{\"@id\":\"https:\\\/\\\/taber.hr\\\/de\\\/kontakt\\\/#breadcrumb\"},\"inLanguage\":\"hr\",\"potentialAction\":[{\"@type\":\"ReadAction\",\"target\":[\"https:\\\/\\\/taber.hr\\\/de\\\/kontakt\\\/\"]}]},{\"@type\":\"BreadcrumbList\",\"@id\":\"https:\\\/\\\/taber.hr\\\/de\\\/kontakt\\\/#breadcrumb\",\"itemListElement\":[{\"@type\":\"ListItem\",\"position\":1,\"name\":\"Home\",\"item\":\"https:\\\/\\\/taber.hr\\\/\"},{\"@type\":\"ListItem\",\"position\":2,\"name\":\"Kontakt\"}]},{\"@type\":\"WebSite\",\"@id\":\"https:\\\/\\\/taber.hr\\\/#website\",\"url\":\"https:\\\/\\\/taber.hr\\\/\",\"name\":\"Taber Discrete Lodging\",\"description\":\"\",\"potentialAction\":[{\"@type\":\"SearchAction\",\"target\":{\"@type\":\"EntryPoint\",\"urlTemplate\":\"https:\\\/\\\/taber.hr\\\/?s={search_term_string}\"},\"query-input\":{\"@type\":\"PropertyValueSpecification\",\"valueRequired\":true,\"valueName\":\"search_term_string\"}}],\"inLanguage\":\"hr\"}]}<\/script>\n<!-- \/ Yoast SEO plugin. -->","yoast_head_json":{"title":"Kontakt - Taber Discrete Lodging","description":"Pi\u0161ite nam i odgovorit \u0107emo vam \u0161to je prije mogu\u0107e. Taber Pa\u0161man - Lu\u010dina 155 b, 23262 Pa\u0161man","robots":{"index":"index","follow":"follow","max-snippet":"max-snippet:-1","max-image-preview":"max-image-preview:large","max-video-preview":"max-video-preview:-1"},"canonical":"https:\/\/taber.hr\/de\/kontakt\/","og_locale":"hr_HR","og_type":"article","og_title":"Kontakt - Taber Discrete Lodging","og_description":"Pi\u0161ite nam i odgovorit \u0107emo vam \u0161to je prije mogu\u0107e. Taber Pa\u0161man - Lu\u010dina 155 b, 23262 Pa\u0161man","og_url":"https:\/\/taber.hr\/de\/kontakt\/","og_site_name":"Taber Discrete Lodging","article_modified_time":"2026-04-08T11:03:43+00:00","twitter_card":"summary_large_image","twitter_misc":{"Procijenjeno vrijeme \u010ditanja":"1 minuta"},"schema":{"@context":"https:\/\/schema.org","@graph":[{"@type":"WebPage","@id":"https:\/\/taber.hr\/de\/kontakt\/","url":"https:\/\/taber.hr\/de\/kontakt\/","name":"Kontakt - Taber Discrete Lodging","isPartOf":{"@id":"https:\/\/taber.hr\/#website"},"datePublished":"2023-10-27T07:26:18+00:00","dateModified":"2026-04-08T11:03:43+00:00","description":"Pi\u0161ite nam i odgovorit \u0107emo vam \u0161to je prije mogu\u0107e. Taber Pa\u0161man - Lu\u010dina 155 b, 23262 Pa\u0161man","breadcrumb":{"@id":"https:\/\/taber.hr\/de\/kontakt\/#breadcrumb"},"inLanguage":"hr","potentialAction":[{"@type":"ReadAction","target":["https:\/\/taber.hr\/de\/kontakt\/"]}]},{"@type":"BreadcrumbList","@id":"https:\/\/taber.hr\/de\/kontakt\/#breadcrumb","itemListElement":[{"@type":"ListItem","position":1,"name":"Home","item":"https:\/\/taber.hr\/"},{"@type":"ListItem","position":2,"name":"Kontakt"}]},{"@type":"WebSite","@id":"https:\/\/taber.hr\/#website","url":"https:\/\/taber.hr\/","name":"Taber Discrete Lodging","description":"","potentialAction":[{"@type":"SearchAction","target":{"@type":"EntryPoint","urlTemplate":"https:\/\/taber.hr\/?s={search_term_string}"},"query-input":{"@type":"PropertyValueSpecification","valueRequired":true,"valueName":"search_term_string"}}],"inLanguage":"hr"}]}},"_links":{"self":[{"href":"https:\/\/taber.hr\/hr\/wp-json\/wp\/v2\/pages\/6672","targetHints":{"allow":["GET"]}}],"collection":[{"href":"https:\/\/taber.hr\/hr\/wp-json\/wp\/v2\/pages"}],"about":[{"href":"https:\/\/taber.hr\/hr\/wp-json\/wp\/v2\/types\/page"}],"author":[{"embeddable":true,"href":"https:\/\/taber.hr\/hr\/wp-json\/wp\/v2\/users\/1"}],"replies":[{"embeddable":true,"href":"https:\/\/taber.hr\/hr\/wp-json\/wp\/v2\/comments?post=6672"}],"version-history":[{"count":41,"href":"https:\/\/taber.hr\/hr\/wp-json\/wp\/v2\/pages\/6672\/revisions"}],"predecessor-version":[{"id":12315,"href":"https:\/\/taber.hr\/hr\/wp-json\/wp\/v2\/pages\/6672\/revisions\/12315"}],"wp:attachment":[{"href":"https:\/\/taber.hr\/hr\/wp-json\/wp\/v2\/media?parent=6672"}],"curies":[{"name":"wp","href":"https:\/\/api.w.org\/{rel}","templated":true}]}}