{"id":7113,"date":"2023-10-25T07:16:55","date_gmt":"2023-10-25T07:16:55","guid":{"rendered":"https:\/\/taber.hr\/privacy-policy\/"},"modified":"2023-11-21T13:35:51","modified_gmt":"2023-11-21T13:35:51","slug":"privacy-policy","status":"publish","type":"page","link":"https:\/\/taber.hr\/hr\/privacy-policy\/","title":{"rendered":"Politika privatnosti"},"content":{"rendered":"\n<div style=\"height:51px\" aria-hidden=\"true\" class=\"wp-block-spacer\"><\/div>\n\n\n\n<p>EFFECTUS d.o.o.<br>Vesla\u010dka ulica 6, Zadar, Hrvatska<br>Email: sales@taber-istria.hr<\/p>\n\n\n\n<h3 class=\"wp-block-heading\"><strong>POLITIKA ZA\u0160TITE OSOBNIH PODATAKA<\/strong><\/h3>\n\n\n\n<p>A\u017eurirano 21.11.2023.<\/p>\n\n\n\n<p>EFFECTUS d.o.o. po\u0161tuje Va\u0161u privatnost te se obvezuje na za\u0161titu Va\u0161ih osobnih podataka u skladu s va\u017ee\u0107im zakonima i uredbama za za\u0161titu osobnim podataka. Ovim dokumentom \u017eelimo Vam pojasniti kako skupljamo i za \u0161to koristimo osobne podatke za vrijeme kori\u0161tenja na\u0161ih internet stranica te za vrijeme Va\u0161eg boravka u na\u0161im objektima, s kime ih i za\u0161to dijelimo te Va\u0161a prava u vezi Va\u0161ih osobnih podataka koje koristimo, te na koji na\u010din ih \u0161titimo. Politika za\u0161tite osobnih podataka primjenjuje se na sve poslovne i ugostiteljske objekte tvrtke EFFECTUS d.o.o.<\/p>\n\n\n\n<h3 class=\"wp-block-heading\"><strong>SVRHA PRIKUPLJANJA OSOBNIH PODATAKA<\/strong><\/h3>\n\n\n\n<p>Osnovna svrha prikupljanja osobnih podataka na\u0161ih gostiju je pru\u017eanje i pobolj\u0161anje na\u0161ih usluga te izvr\u0161avanje na\u0161ih zakonskih obaveza. Osobni podaci prikupljaju se u sljede\u0107e svrhe:<\/p>\n\n\n\n<ul class=\"wp-block-list\">\n<li>Pobolj\u0161anje funkcionalnosti na\u0161e web stranice&nbsp;www.taber-istria.hr<\/li>\n\n\n\n<li>Rezerviranje smje\u0161taja ili komunikaciju s klijentima radi odgovora na njihove interese o na\u0161im uslugama (preko na\u0161ih internet stranica, putem maila ili telefonom)<\/li>\n\n\n\n<li>Izvr\u0161enje ugovornog odnosa s gostom za vrijeme trajanja njegovog boravka<\/li>\n\n\n\n<li>Kupnja dodatnih usluga<\/li>\n\n\n\n<li>Naplata usluga<\/li>\n\n\n\n<li>Vo\u0111enje interne evidencije o gostima radi na\u0161eg legitimnog interesa za pobolj\u0161anjem na\u0161e ponude, odnosa s kupcima na\u0161ih usluga i samih usluga i rezultata prodaje<\/li>\n\n\n\n<li>Komunikacija s na\u0161im klijentima i nakon njihovog boravka (informiranje o specijalnim ponudama, promocije usluga.)<\/li>\n\n\n\n<li>Ispunjavanje na\u0161ih zakonskih obaveza prema va\u017ee\u0107em Zakonu o ugostiteljskoj djelatnosti i prate\u0107im pravilnicima, Zakon o pru\u017eanju usluga u turizmu, Zakonu o ra\u010dunovodstvu, Zakonu o za\u0161titi na radu te Zakonu o za\u0161titi nov\u010darskih institucija.<\/li>\n<\/ul>\n\n\n\n<h3 class=\"wp-block-heading\"><strong>INFORMACIJE KOJE PRIKUPLJAMO<\/strong><\/h3>\n\n\n\n<p>Tijekom Va\u0161e posjete na\u0161im web stranicama, prilikom Va\u0161e rezervacije smje\u0161taja i boravka u na\u0161im objektima ilisuradnje s EFFECTUS d.o.o., u gore navedene svrhe mo\u0107i \u0107emo prikupiti podatke koje Vas mogu identificirati, direktno ili indirektno. Osobni podaci koje prikupljamo uklju\u010duju:<\/p>\n\n\n\n<ul class=\"wp-block-list\">\n<li>Va\u0161e ime i prezime<\/li>\n\n\n\n<li>Va\u0161 datum ro\u0111enja, adresu i nacionalnost<\/li>\n\n\n\n<li>Va\u0161e kontakt podatke<\/li>\n\n\n\n<li>Broj va\u0161e kreditne kartice<\/li>\n\n\n\n<li>Broj i vrstu va\u0161eg osobnog dokumenta<\/li>\n\n\n\n<li>Napomene koje ste nam naveli (npr. alergije na koje trebamo obra\u0107ati pa\u017enju tijekom Va\u0161eg boravka)<\/li>\n\n\n\n<li>Video zapis iz sustava video nadzora na objektima<\/li>\n\n\n\n<li>Glasovni zapis Va\u0161eg razgovora s agentom na\u0161eg call-centra<\/li>\n\n\n\n<li>Va\u0161u IP adresu tijekom posjete na\u0161im web stranicama.<\/li>\n<\/ul>\n\n\n\n<h3 class=\"wp-block-heading\"><strong>PODACI KORI\u0160TENI U MARKETIN\u0160KE SVRHE<\/strong><\/h3>\n\n\n\n<p>Va\u0161u e-mail adresu i ostale podatke ne prodajemo, ne iznajmljujemo, niti stavljamo tre\u0107im pravnim i fizi\u010dkim osobama na raspolaganje bez Va\u0161eg pristanka, jer je to protivno na\u0161oj politici o privatnosti. EFFECTUS d.o.o. &nbsp;se dr\u017ei stroge politike \u201eno spam&#8221;. Tra\u017eimo Va\u0161e posebno dopu\u0161tenje ako \u017eelite da Vas kontaktiramo po pitanju na\u0161ih posebnih ponuda i akcija. Ukoliko ste ve\u0107 bili gost u na\u0161im objektima i komuncirali smo putem e-mail adrese koju ste nam dali prilikom rezervacije ili tijekom Va\u0161eg boravka kod nas, tada bi Vas povremeno kontaktirali sa obavijestima o na\u0161im specijalnim akcijama i ponudama koje se odnose na na\u0161e usluge za koje smatramo da i dalje imate interesa, a \u010dine na\u0161 legitimni interes. Tako\u0111er, ukoliko ne \u017eelite primati na\u0161e obavijesti, mo\u017eete u bilo kojem trenutku povu\u0107i Va\u0161u privolu jednostavnim klikom na zadani link u promotivnom e-mailu ili kontaktiraju\u0107i nas direktno.<\/p>\n\n\n\n<h3 class=\"wp-block-heading\"><strong>PORUKA ELEKTRONSKOM PO\u0160TOM<\/strong><\/h3>\n\n\n\n<p>Ukoliko nas \u017eelite kontaktirati putem obrasca ili nam \u0161aljete e-mail s osobnim podacima po kojima Vas je mogu\u0107e identificirati, mi te podatke koristimo isklju\u010divo u svrhu ispunjenja Va\u0161ih zahtjeva.<\/p>\n\n\n\n<h3 class=\"wp-block-heading\"><strong>KORI\u0160TENJE DRU\u0160TVENIH MRE\u017dA<\/strong><\/h3>\n\n\n\n<p>EFFECTUS d.o.o. &nbsp;vodi i ure\u0111uje i profile na dru\u0161tvenim mre\u017eama, kao \u0161to su Facebook i Instagram. Posjetitelji na\u0161ih profila na dru\u0161tvenim mre\u017eama mogu objavljivati sadr\u017eaje, fotografije ili komentare vezane za na\u0161e objekte, usluge ili boravak kod nas. Objave posjetitelja temelje se isklju\u010divo na interesu i privoli samih posjetitelja profila.<\/p>\n\n\n\n<p>Za javno objavljene sadr\u017eaje, koji se odnose na Va\u0161 boravak kod nas, mo\u017eemo tra\u017eiti Va\u0161u privolu za objavu tih sadr\u017eaja na na\u0161im web stranicama ili profilima dru\u0161tvenih mre\u017ea. Sadr\u017eaji koje mo\u017eemo objavljivati odnose se isklju\u010divo na javno dostupne slike i komentare objavljenje na Facebooku ili Instagramu za koje ste nam dali svoju privolu. Va\u0161im pristankom na takve objave prihva\u0107ate prava i kori\u0161tenja uporabe va\u0161ih sadr\u017eaja, koja \u0107e Vam biti predo\u010dena prilikom tra\u017eenja Va\u0161e privole.<\/p>\n\n\n\n<h3 class=\"wp-block-heading\"><strong>KOLA\u010cI\u0106I I INTERNETSKE TEHNOLOGIJE<\/strong><\/h3>\n\n\n\n<p>Kako bi na\u0161e web stranice radile optimalno i kako bismo bili u stanju vr\u0161iti daljnja unaprje\u0111enja stranica u svrhu pobolj\u0161avanja Va\u0161eg korisni\u010dkog iskustva, na na\u0161im web stranicama koristimo kola\u010di\u0107e. Postavke kola\u010di\u0107a mogu se kontrolirati i prilagoditi u Va\u0161em web pregledniku, te se kori\u0161tenje kola\u010di\u0107a mo\u017ee onemogu\u0107iti prema Va\u0161em odabiru. Ako onemogu\u0107ite kola\u010di\u0107e i dalje mo\u017eete pregledavati na\u0161u stranicu, no neke njezine mogu\u0107nosti Vam ne\u0107e biti dostupne.<\/p>\n\n\n\n<p>Kola\u010di\u0107 (engl. cookie) je informacija spremljena na Va\u0161e ra\u010dunalo od strane web stranice koju posjetite. Kola\u010di\u0107i obi\u010dno spremaju Va\u0161e postavke za web stranicu, kao \u0161to su preferirani jezik ili adresa. Kasnije, kada opet otvorite istu web stranicu, internet preglednik \u0161alje natrag kola\u010di\u0107e koji pripadaju toj stranici. Ovo omogu\u0107ava stranici da prika\u017ee informacije prilago\u0111ene Va\u0161im potrebama.<\/p>\n\n\n\n<p>Postoje vi\u0161e vrsta kola\u010di\u0107a: kola\u010di\u0107i prve strane, privremeni kola\u010di\u0107i (Session cookies), stalni kola\u010di\u0107i (Persistent cookies) te kola\u010di\u0107i tre\u0107e strane.<\/p>\n\n\n\n<p>Kola\u010di\u0107i od prve strane dolaze s web stranice koje gledate, a mogu biti stalni ili privremeni. Pomo\u0107u tih kola\u010di\u0107a web stranice mogu pohraniti podatke koje \u0107e ponovo koristiti prilikom sljede\u0107eg posjeta toj web stranici (npr. odabir jezika). Privremeni kola\u010di\u0107i ili kola\u010di\u0107i sesije uklanjaju se s ra\u010dunala po zatvaranju internet preglednika. Stalni ili spremljeni kola\u010di\u0107i ostaju na ra\u010dunalu nakon zatvaranja programa internet preglednika. Pomo\u0107u njih web stranice pohranjuju podatke, kao \u0161to su ime za prijavu i lozinka, tako da se ne morate prijavljivati prilikom svakog posjeta odre\u0111enom mjestu. Stalni kola\u010di\u0107i ostat \u0107e na ra\u010dunalu dok ih Vi kao korisnik ne onemogu\u0107ite\/obri\u0161ete ili dok ih Va\u0161 preglednik ne obri\u0161e (period definiran u postavkama preglednika).<\/p>\n\n\n\n<p>Kola\u010di\u0107i tre\u0107e strane dolaze s reklama drugih web-mjesta (kao \u0161to su pop-up ili druge reklame) koje se nalaze na web stranici koju gledate. Pomo\u0107u tih kola\u010di\u0107a web stranice mogu pratiti kori\u0161tenje Interneta u marketin\u0161ke svrhe.<\/p>\n\n\n\n<p>EFFECTUS d.o.o. koristi kola\u010di\u0107e na svojim web stranicama. Koristimo kola\u010di\u0107e prve strane (privremene i trajne) i kola\u010di\u0107e tre\u0107e strane.<\/p>\n\n\n\n<p>Kola\u010di\u0107e koristimo da bismo optimizirali stranice u smislu performansi sustava, lako\u0107e kori\u0161tenja i ponude korisnih informacija o na\u0161im uslugama. Kola\u010di\u0107ima automatski prikupljamo i pohranjujemo podatke u zapisni\u010dkim datotekama na Va\u0161em ra\u010dunalu. Podaci koji se prikupljaju obuhva\u0107aju podatke o Va\u0161oj IP adresi, vrsti preglednika i postavkama jezika, operacijskom sustavu, naziv ISP-a (pru\u017eatelju usluge pristupa internetu) i oznaku datuma\/vremena.<\/p>\n\n\n\n<p>Individualni podaci korisnika nama se ne otkrivaju, nego su podaci koje obra\u0111ujemo anonimni i statisti\u010dki podaci, te demografski podaci o na\u0161im korisnicima kao cjelini. Te podatke koristimo za analize trendova i potrebe marketinga, te u\u010dinkovito upravljanje web stranicama, jer nam poma\u017eu da saznamo vi\u0161e o pona\u0161anju na\u0161ih korisnika na na\u0161im stranicama, uspje\u0161nosti nekih na\u0161ih marketin\u0161kih akcija i primarnim interesima na\u0161ih web-posjetitelja.<\/p>\n\n\n\n<h3 class=\"wp-block-heading\"><strong>\u010cUVANJE I BRISANJE VA\u0160IH OSOBNIH PODATAKA<\/strong><\/h3>\n\n\n\n<p>Va\u0161i osobni podaci \u010duvat \u0107e se u obliku koji Vas mo\u017ee identificirati ne du\u017ee nego \u0161to je potrebno za svrhu za koju se obra\u0111uju. Po isteku tog vremena, koji je za odre\u0111ene obrade reguliran lokalnim zakonima koji nas obvezuju na dulji period \u010duvanja podataka, podaci \u0107e se izbrisati ili u\u010diniti nedostupnima za daljnju obradu.<\/p>\n\n\n\n<h3 class=\"wp-block-heading\"><strong>PRIJENOS PODATAKA TRE\u0106IM STRANAMA<\/strong><\/h3>\n\n\n\n<p>U slu\u010daju odre\u0111enih obrada podataka, podaci koje nam dajete mogu biti prenijeti ili dani na uvid tre\u0107im stranama. Ni u kojem slu\u010daju Va\u0161e podatke ne prodajemo, iznajmljujemo ili predajemo u vlasni\u0161tvo neovla\u0161tenim tre\u0107im stranama. Prijenos podataka ili uvid u podatke, obavlja se iz sljede\u0107ih razloga:<\/p>\n\n\n\n<ul class=\"wp-block-list\">\n<li>Kada smo zaprimili Va\u0161u privolu za takav prijenos<\/li>\n\n\n\n<li>Kada tvrtke ili pru\u017eatelji usluga koje EFFECTUS d.o.o. &nbsp;koristi za potrebe odre\u0111enih obrada pristupaju podacima na na\u010din koji je reguliran ugovornim odnosom s EFFECTUS d.o.o.<\/li>\n\n\n\n<li>Da bismo ispunili na\u0161e poslovne i zakonske obaveze<\/li>\n<\/ul>\n\n\n\n<p>U slu\u010daju potrebe prijenosa podataka, zbog jednog od gore navedenih razloga, nastojimo ograni\u010diti podatke koji se prenose na nu\u017eni minimum. Tre\u0107e strane kojima prenosimo Va\u0161e podatke obvezale su se \u0161tititi Va\u0161e podatke u skladu s va\u017ee\u0107im zakonima i uredbama o za\u0161titi osobnih podataka.<\/p>\n\n\n\n<h3 class=\"wp-block-heading\"><strong>PRAVO NA PRISTUP VA\u0160IM OSOBNIM PODACIMA, ISPRAVAK ILI BRISANJE<\/strong><\/h3>\n\n\n\n<p>U bilo kojem trenutku mo\u017eete zatra\u017eiti informacije o svojim osobnim podacima koje EFFECTUS d.o.o. obra\u0111uju, izvoru podataka, primateljima podataka, svrsi pohrane kao i entitetima kojima prenosimo va\u0161e osobne podatke. Osim toga, imate pravo a\u017eurirati, ispravljati, blokirati ili brisati svoje podatke u skladu sa zakonskim odredbama.<\/p>\n\n\n\n<p>Zahtjev za pristup osobnim podacima mo\u017eete nam poslati na adresu elektroni\u010dke po\u0161te&nbsp;sales@taber-istria.hr ili na na\u0161u adresu&nbsp;EFFECTUS d.o.o.<strong>, Vesla\u010dka ulica 6, Zadar, Hrvatska, s obaveznim Va\u0161im kontakt podacima i napomenom \u201eZahtjev za pristup osobnim podacima\u201c.<\/strong>&nbsp;Pristup osobnim podacima ne mo\u017eemo omogu\u0107iti putem telefonskog razgovora. Da bismo sprije\u010dili zlouporabu Va\u0161ih osobnih podataka zamolit \u0107emo Vas za dodatni dokaz Va\u0161eg identiteta. Bez utvr\u0111ivanja ispravnosti identiteta, zahtjev za pristup osobnih podacima ne\u0107emo biti u mogu\u0107nosti ispuniti.<\/p>\n\n\n\n<h3 class=\"wp-block-heading\"><strong>ZA\u0160TITA OSOBNIH PODATAKA DJECE<\/strong><\/h3>\n\n\n\n<p>EFFECTUS d.o.o. savjetuje roditelje i skrbnike da podu\u010de djecu o sigurnom i odgovornom postupanju s osobnim podacima na internetu te o oprezu koji je potreban prilikom kori\u0161tenja interneta. Na\u0161e internet stranice koje bi mogle privu\u0107i djecu i eventualno prikupljaju osobne podatke djece mla\u0111e od 14 godina, izra\u0111ene su u namjeri da u najve\u0107oj mogu\u0107oj mjeri \u0161tite prava djece i njihovu privatnost. Sukladno toj namjeri i nastojanju tvrtka EFFECTUS d.o.o.<\/p>\n\n\n\n<ul class=\"wp-block-list\">\n<li>NE prikuplja, NE koristi i NE otkriva podatke pomo\u0107u kojih se mo\u017ee kontaktirati s djecom putem interneta, osim u slu\u010daju promid\u017ebenih igara na internetu. Takvi podaci, za kontaktiranje putem interneta, koriste se bez dopu\u0161tenja roditelja, samo za neposredno odgovaranje na djetetov zahtjev i ne\u0107e se koristiti ni za kakve druge namjere;<\/li>\n\n\n\n<li>NE prikupljamo osobne podatke za kontaktiranje izvan interneta, osim radi dodjele nagrada, a i tada samo uz dopu\u0161tenje roditelja<\/li>\n\n\n\n<li>NE dostavljamo tre\u0107im osobama nikakve osobne podatke bez prethodne dozvole roditelja<\/li>\n\n\n\n<li>NE omogu\u0107ujemo djeci da, bez dozvole roditelja, javno objavljuju ili da na drugi na\u010din distribuiraju osobne podatke ili druge materijale koje nam \u0161alju pomo\u0107u kojih ih se mo\u017ee kontaktirati, niti poti\u010demo djecu da, radi sudjelovanja u nagradnoj igri ili nekoj drugoj aktivnosti, otkriju vi\u0161e podataka no \u0161to je potrebno za sudjelovanje u doti\u010dnoj aktivnosti.<\/li>\n\n\n\n<li>U slu\u010dajevima kada je djeci mla\u0111oj od 14 godina dopu\u0161teno sudjelovati u nagradnim igrama, zahtijevamo od djeteta da prvo zatra\u017ei dozvolu za sudjelovanje od svojih roditelja ili zakonskih zastupnika, te da upi\u0161e e-mail adresu svojih roditelja ili zastupnika.<\/li>\n\n\n\n<li>Ako dijete mla\u0111e od 14 godina osvoji neku nagradu, o tome se elektronskom po\u0161tom, telefonom ili pismenim putem obavje\u0161tavaju roditelji ili staratelji.<\/li>\n\n\n\n<li>Osobni podaci djeteta i roditelja bri\u0161u se s na\u0161e baze podataka ukoliko roditelji to od nas zatra\u017ee<\/li>\n\n\n\n<li>Kao roditelj ili staratelj, uvijek imate pravo zatra\u017eiti uvid u sve osobne podatke o svom djetetu koje smo dobili na nekoj od na\u0161ih stranica, mo\u017eete zahtijevati brisanje podataka (ukoliko se ti podaci jo\u0161 uvijek nalaze u na\u0161oj bazi podataka) i\/ili zabraniti nam budu\u0107e sakupljanje i kori\u0161tenje podataka o Va\u0161em djetetu. Ako ste roditelj i \u017eelite ostvariti to pravo, slobodno nas kontaktirajte.<\/li>\n\n\n\n<li>Osim navedene, EFFECTUS d.o.o. jam\u010di za\u0161titu osobnih podataka djece predvi\u0111ene posebnim zakonima koji ure\u0111uju to pitanje.<\/li>\n<\/ul>\n\n\n\n<div style=\"height:51px\" aria-hidden=\"true\" class=\"wp-block-spacer\"><\/div>\n","protected":false},"excerpt":{"rendered":"<p>EFFECTUS d.o.o.Vesla\u010dka ulica 6, Zadar, HrvatskaEmail: sales@taber-istria.hr POLITIKA ZA\u0160TITE OSOBNIH PODATAKA A\u017eurirano 21.11.2023. EFFECTUS d.o.o. po\u0161tuje Va\u0161u privatnost te se obvezuje na za\u0161titu Va\u0161ih osobnih podataka u skladu s va\u017ee\u0107im zakonima i uredbama za za\u0161titu osobnim podataka. Ovim dokumentom \u017eelimo Vam pojasniti kako skupljamo i za \u0161to koristimo osobne podatke za vrijeme kori\u0161tenja na\u0161ih internet [&hellip;]<\/p>\n","protected":false},"author":1,"featured_media":0,"parent":0,"menu_order":0,"comment_status":"closed","ping_status":"open","template":"elementor_header_footer","meta":{"footnotes":""},"class_list":["post-7113","page","type-page","status-publish","hentry"],"yoast_head":"<!-- This site is optimized with the Yoast SEO plugin v27.4 - https:\/\/yoast.com\/product\/yoast-seo-wordpress\/ -->\n<title>Politika privatnosti - Taber Discrete Lodging<\/title>\n<meta name=\"robots\" content=\"index, follow, max-snippet:-1, max-image-preview:large, max-video-preview:-1\" \/>\n<link rel=\"canonical\" href=\"https:\/\/taber.hr\/hr\/privacy-policy\/\" \/>\n<meta property=\"og:locale\" content=\"hr_HR\" \/>\n<meta property=\"og:type\" content=\"article\" \/>\n<meta property=\"og:title\" content=\"Politika privatnosti - Taber Discrete Lodging\" \/>\n<meta property=\"og:description\" content=\"EFFECTUS d.o.o.Vesla\u010dka ulica 6, Zadar, HrvatskaEmail: sales@taber-istria.hr POLITIKA ZA\u0160TITE OSOBNIH PODATAKA A\u017eurirano 21.11.2023. EFFECTUS d.o.o. po\u0161tuje Va\u0161u privatnost te se obvezuje na za\u0161titu Va\u0161ih osobnih podataka u skladu s va\u017ee\u0107im zakonima i uredbama za za\u0161titu osobnim podataka. Ovim dokumentom \u017eelimo Vam pojasniti kako skupljamo i za \u0161to koristimo osobne podatke za vrijeme kori\u0161tenja na\u0161ih internet [&hellip;]\" \/>\n<meta property=\"og:url\" content=\"https:\/\/taber.hr\/hr\/privacy-policy\/\" \/>\n<meta property=\"og:site_name\" content=\"Taber Discrete Lodging\" \/>\n<meta property=\"article:modified_time\" content=\"2023-11-21T13:35:51+00:00\" \/>\n<meta name=\"twitter:card\" content=\"summary_large_image\" \/>\n<meta name=\"twitter:label1\" content=\"Procijenjeno vrijeme \u010ditanja\" \/>\n\t<meta name=\"twitter:data1\" content=\"11 minuta\" \/>\n<script type=\"application\/ld+json\" class=\"yoast-schema-graph\">{\"@context\":\"https:\\\/\\\/schema.org\",\"@graph\":[{\"@type\":\"WebPage\",\"@id\":\"https:\\\/\\\/taber.hr\\\/hr\\\/privacy-policy\\\/\",\"url\":\"https:\\\/\\\/taber.hr\\\/hr\\\/privacy-policy\\\/\",\"name\":\"Politika privatnosti - Taber Discrete Lodging\",\"isPartOf\":{\"@id\":\"https:\\\/\\\/taber.hr\\\/#website\"},\"datePublished\":\"2023-10-25T07:16:55+00:00\",\"dateModified\":\"2023-11-21T13:35:51+00:00\",\"breadcrumb\":{\"@id\":\"https:\\\/\\\/taber.hr\\\/hr\\\/privacy-policy\\\/#breadcrumb\"},\"inLanguage\":\"hr\",\"potentialAction\":[{\"@type\":\"ReadAction\",\"target\":[\"https:\\\/\\\/taber.hr\\\/hr\\\/privacy-policy\\\/\"]}]},{\"@type\":\"BreadcrumbList\",\"@id\":\"https:\\\/\\\/taber.hr\\\/hr\\\/privacy-policy\\\/#breadcrumb\",\"itemListElement\":[{\"@type\":\"ListItem\",\"position\":1,\"name\":\"Home\",\"item\":\"https:\\\/\\\/taber.hr\\\/\"},{\"@type\":\"ListItem\",\"position\":2,\"name\":\"Politika privatnosti\"}]},{\"@type\":\"WebSite\",\"@id\":\"https:\\\/\\\/taber.hr\\\/#website\",\"url\":\"https:\\\/\\\/taber.hr\\\/\",\"name\":\"Taber Discrete Lodging\",\"description\":\"\",\"potentialAction\":[{\"@type\":\"SearchAction\",\"target\":{\"@type\":\"EntryPoint\",\"urlTemplate\":\"https:\\\/\\\/taber.hr\\\/?s={search_term_string}\"},\"query-input\":{\"@type\":\"PropertyValueSpecification\",\"valueRequired\":true,\"valueName\":\"search_term_string\"}}],\"inLanguage\":\"hr\"}]}<\/script>\n<!-- \/ Yoast SEO plugin. -->","yoast_head_json":{"title":"Politika privatnosti - Taber Discrete Lodging","robots":{"index":"index","follow":"follow","max-snippet":"max-snippet:-1","max-image-preview":"max-image-preview:large","max-video-preview":"max-video-preview:-1"},"canonical":"https:\/\/taber.hr\/hr\/privacy-policy\/","og_locale":"hr_HR","og_type":"article","og_title":"Politika privatnosti - Taber Discrete Lodging","og_description":"EFFECTUS d.o.o.Vesla\u010dka ulica 6, Zadar, HrvatskaEmail: sales@taber-istria.hr POLITIKA ZA\u0160TITE OSOBNIH PODATAKA A\u017eurirano 21.11.2023. EFFECTUS d.o.o. po\u0161tuje Va\u0161u privatnost te se obvezuje na za\u0161titu Va\u0161ih osobnih podataka u skladu s va\u017ee\u0107im zakonima i uredbama za za\u0161titu osobnim podataka. Ovim dokumentom \u017eelimo Vam pojasniti kako skupljamo i za \u0161to koristimo osobne podatke za vrijeme kori\u0161tenja na\u0161ih internet [&hellip;]","og_url":"https:\/\/taber.hr\/hr\/privacy-policy\/","og_site_name":"Taber Discrete Lodging","article_modified_time":"2023-11-21T13:35:51+00:00","twitter_card":"summary_large_image","twitter_misc":{"Procijenjeno vrijeme \u010ditanja":"11 minuta"},"schema":{"@context":"https:\/\/schema.org","@graph":[{"@type":"WebPage","@id":"https:\/\/taber.hr\/hr\/privacy-policy\/","url":"https:\/\/taber.hr\/hr\/privacy-policy\/","name":"Politika privatnosti - Taber Discrete Lodging","isPartOf":{"@id":"https:\/\/taber.hr\/#website"},"datePublished":"2023-10-25T07:16:55+00:00","dateModified":"2023-11-21T13:35:51+00:00","breadcrumb":{"@id":"https:\/\/taber.hr\/hr\/privacy-policy\/#breadcrumb"},"inLanguage":"hr","potentialAction":[{"@type":"ReadAction","target":["https:\/\/taber.hr\/hr\/privacy-policy\/"]}]},{"@type":"BreadcrumbList","@id":"https:\/\/taber.hr\/hr\/privacy-policy\/#breadcrumb","itemListElement":[{"@type":"ListItem","position":1,"name":"Home","item":"https:\/\/taber.hr\/"},{"@type":"ListItem","position":2,"name":"Politika privatnosti"}]},{"@type":"WebSite","@id":"https:\/\/taber.hr\/#website","url":"https:\/\/taber.hr\/","name":"Taber Discrete Lodging","description":"","potentialAction":[{"@type":"SearchAction","target":{"@type":"EntryPoint","urlTemplate":"https:\/\/taber.hr\/?s={search_term_string}"},"query-input":{"@type":"PropertyValueSpecification","valueRequired":true,"valueName":"search_term_string"}}],"inLanguage":"hr"}]}},"_links":{"self":[{"href":"https:\/\/taber.hr\/hr\/wp-json\/wp\/v2\/pages\/7113","targetHints":{"allow":["GET"]}}],"collection":[{"href":"https:\/\/taber.hr\/hr\/wp-json\/wp\/v2\/pages"}],"about":[{"href":"https:\/\/taber.hr\/hr\/wp-json\/wp\/v2\/types\/page"}],"author":[{"embeddable":true,"href":"https:\/\/taber.hr\/hr\/wp-json\/wp\/v2\/users\/1"}],"replies":[{"embeddable":true,"href":"https:\/\/taber.hr\/hr\/wp-json\/wp\/v2\/comments?post=7113"}],"version-history":[{"count":3,"href":"https:\/\/taber.hr\/hr\/wp-json\/wp\/v2\/pages\/7113\/revisions"}],"predecessor-version":[{"id":7158,"href":"https:\/\/taber.hr\/hr\/wp-json\/wp\/v2\/pages\/7113\/revisions\/7158"}],"wp:attachment":[{"href":"https:\/\/taber.hr\/hr\/wp-json\/wp\/v2\/media?parent=7113"}],"curies":[{"name":"wp","href":"https:\/\/api.w.org\/{rel}","templated":true}]}}