{"id":9890,"date":"2025-12-03T09:20:58","date_gmt":"2025-12-03T09:20:58","guid":{"rendered":"https:\/\/taber.hr\/vacation-on-the-island-of-pasman\/"},"modified":"2026-02-26T11:37:13","modified_gmt":"2026-02-26T11:37:13","slug":"odmor-na-otoku-pasmanu","status":"publish","type":"page","link":"https:\/\/taber.hr\/hr\/odmor-na-otoku-pasmanu\/","title":{"rendered":"Non-refundable price: 25% popusta"},"content":{"rendered":"\t\t<div data-elementor-type=\"wp-page\" data-elementor-id=\"9890\" class=\"elementor elementor-9890 elementor-9824\" data-elementor-post-type=\"page\">\n\t\t\t\t<div class=\"elementor-element elementor-element-f0f5613 phobs_wrap e-con-full e-flex e-con e-parent\" data-id=\"f0f5613\" data-element_type=\"container\" data-e-type=\"container\">\n\t\t\t\t<div class=\"elementor-element elementor-element-df4a2bb elementor-widget elementor-widget-template\" data-id=\"df4a2bb\" data-element_type=\"widget\" data-e-type=\"widget\" data-widget_type=\"template.default\">\n\t\t\t\t<div class=\"elementor-widget-container\">\n\t\t\t\t\t\t\t<div class=\"elementor-template\">\n\t\t\t\t\t<div data-elementor-type=\"container\" data-elementor-id=\"11030\" class=\"elementor elementor-11030 elementor-11016 elementor-11016\" data-elementor-post-type=\"elementor_library\">\n\t\t\t\t<div class=\"elementor-element elementor-element-5714e86 phobs_wrap e-con-full e-flex e-con e-parent\" data-id=\"5714e86\" data-element_type=\"container\" data-e-type=\"container\">\n\t\t<div class=\"elementor-element elementor-element-5bb8642 e-con-full e-flex e-con e-child\" data-id=\"5bb8642\" data-element_type=\"container\" data-e-type=\"container\" data-settings=\"{&quot;background_background&quot;:&quot;classic&quot;}\">\n\t\t<div class=\"elementor-element elementor-element-8cfa8f0 e-con-full e-flex e-con e-child\" data-id=\"8cfa8f0\" data-element_type=\"container\" data-e-type=\"container\">\n\t\t\t\t<div class=\"elementor-element elementor-element-659d5d1 elementor-widget__width-inherit phobs_holder elementor-widget elementor-widget-html\" data-id=\"659d5d1\" data-element_type=\"widget\" data-e-type=\"widget\" data-widget_type=\"html.default\">\n\t\t\t\t<div class=\"elementor-widget-container\">\n\t\t\t\t\t<!-- Phobs -->\r\n<div class=\"header_form\">\r\n    \r\n<script>\r\njQuery(function($){\r\n    var minDates={\r\n       \"0ac6487082f39cd09ac5d60c89154fef\":'2026-04-25',\r\n       \"509722cc93c5b6975089b6b020008a88\":'2026-04-25'};\r\n    var maxDates={\r\n       \"0ac6487082f39cd09ac5d60c89154fef\":'2026-10-04',\r\n       \"509722cc93c5b6975089b6b020008a88\":'2026-10-04'};\r\n    $('.banner-booking-form').each(\r\n    function() {\r\n        var form=$(this), minDate, maxDate;\r\n        \r\n        $('.checkin-input',form).datepicker({dateFormat:'yy-mm-dd'}).datepicker(\"setDate\",new Date());\r\n        $('select.hotel',form).on(\"change\",function(){\r\n            var v = ($(this).val() + '-').split('-');\r\n            $('*[name=\"hotel\"]',   form).val(v[0]);\r\n            $('*[name=\"unit_id\"]', form).val(v[1]);\r\n            minDate = minDates[v[0] +'-'+ v[1]] || minDates[v[0]] || 0;\r\n            minDate=new Date(minDate);\r\n            \r\n            maxDate = maxDates[v[0] +'-'+ v[1]] || maxDates[v[0]] || 0;\r\n            maxDate=new Date(maxDate);\r\n            $('.checkin-input',form).datepicker('option','minDate',minDate).datepicker('option','maxDate',maxDate);\r\n        }).change();\r\n        form.submit(function(e){\r\n        var checkin=$('.checkin-input',form).datepicker('getDate')||new Date();\r\n        checkin.setMinutes(checkin.getMinutes()-checkin.getTimezoneOffset());\r\n        if(checkin.valueOf()<minDate.valueOf()){checkin=minDate}\r\n        if(checkin.valueOf()>maxDate.valueOf()){checkin=maxDate}\r\n        $('input[name=\"date\"]',form).val(checkin.toISOString().slice(0,10))\r\n        })\r\n    });\r\n});\r\n<\/script>\r\n\r\n<form method=\"get\" action=\"https:\/\/book.taber.hr\/book.php\" target=\"blank\" class=\"banner-booking-form row\">\r\n    <input type=\"hidden\" name=\"hotel\">\r\n    <input type=\"hidden\" name=\"unit_id\">\r\n    <input type=\"hidden\" name=\"company_id\" value=\"368cb129489bd4516b72dad48c5e832a\">\r\n      <input type=\"hidden\" name=\"lang\" value=\"hr\">\r\n    \r\n<div class=\"container\"><div class=\"row form-font\">\r\n \r\n     <div class=\"col-md-4\">\r\n        <div class=\"select-box\">\r\n          \t<select class=\"hotel\" size=\"1\" style=\"width: fit-content;\">\r\n                 <option value=\"0ac6487082f39cd09ac5d60c89154fef\">Mobilne ku\u0107ice<\/option>\r\n<option value=\"509722cc93c5b6975089b6b020008a88-37030\">Parcele<\/option>\r\n      \t    <\/select>\r\n        <\/div>\r\n    <\/div>\r\n    \r\n    <div class=\"col-md-2\">\r\n        <div class=\"form-box checkin\">\r\n            <!--<i class=\"fa fa-calendar\"><\/i>-->\r\n            <input autocomplete=\"off\" type=\"text\" placeholder=\"Dolazak\" class=\"checkin-input \" id = \"phobs_date_checkin1\">\r\n            <input type=\"hidden\" name=\"date\" value=\"\">\r\n        <\/div>\r\n    <\/div>\r\n    <div class=\"col-md-2\">\r\n        <div class=\"form-box\">\r\n<!--<i class=\"fa fa-calendar\"><\/i>-->\r\n<input type=\"number\" min=\"1\" name=\"nights\" autocomplete=\"off\" placeholder=\"Broj no\u0107i\" class=\"\" \/>\r\n    <\/div>\r\n    <\/div>\r\n\r\n\r\n    <div class=\"col-md-2\">\r\n        <div class=\"form-box\">\r\n            <input autocomplete=\"off\" type=\"text\" placeholder=\"Promo kod\" class=\"\" name=\"partners_access\" \/>\r\n        <\/div>\r\n    <\/div>\r\n    <div class=\"col-md-2 alt\">\r\n<div class=\"form-box\" style=\"text-align: center;\">\r\n        <button type=\"submit\" class=\"taber-button\">Provjeri dostupnost<\/button>\r\n<\/div>\r\n    <\/div>\r\n\r\n<\/div><\/div>\r\n<\/form>\r\n<\/div>\r\n<!-- \/Phobs -->\t\t\t\t<\/div>\n\t\t\t\t<\/div>\n\t\t\t\t<\/div>\n\t\t<div class=\"elementor-element elementor-element-eeca80d e-con-full e-flex e-con e-child\" data-id=\"eeca80d\" data-element_type=\"container\" data-e-type=\"container\">\n\t\t\t\t<div class=\"elementor-element elementor-element-f18c732 elementor-widget elementor-widget-ld_button\" data-id=\"f18c732\" data-element_type=\"widget\" data-e-type=\"widget\" data-widget_type=\"ld_button.default\">\n\t\t\t\t<div class=\"elementor-widget-container\">\n\t\t\t\t\t\n\t\t\t<a\n\t\t\t\tclass=\"elementor-button btn btn-solid btn-icon-shaped btn-has-label\" data-lqd-lity=\"#modal-7623\" href=\"#modal-7623\"\t\t\t>\n\t\t\t\t\t\t\t\t\t<span data-text=\"Po\u0161alji upit\" class=\"btn-txt\">\n\t\t\t\t\t\tPo\u0161alji upit\t\t\t\t\t<\/span>\n\t\t\t\t\t\t\t\t\t\t\t<\/a>\n\t\t\t\t\t\t\t<\/div>\n\t\t\t\t<\/div>\n\t\t\t\t<\/div>\n\t\t\t\t<\/div>\n\t\t\t\t<\/div>\n\t\t\t\t<\/div>\n\t\t\t\t<\/div>\n\t\t\t\t\t\t<\/div>\n\t\t\t\t<\/div>\n\t\t\t\t<\/div>\n\t\t<div class=\"elementor-element elementor-element-3e2bb6eb e-flex e-con-boxed e-con e-parent\" data-id=\"3e2bb6eb\" data-element_type=\"container\" data-e-type=\"container\" id=\"about\" data-settings=\"{&quot;background_background&quot;:&quot;classic&quot;}\">\n\t\t\t\t\t<div class=\"e-con-inner\">\n\t\t\t\t<div data-custom-animations=\"true\" data-ca-options=\"{&quot;addChildTimelines&quot;:false,&quot;trigger&quot;:&quot;firstChild&quot;,&quot;animationTarget&quot;:&quot;:scope &gt; .elementor-widget-container&quot;,&quot;ease&quot;:[&quot;power4.out&quot;],&quot;initValues&quot;:{&quot;opacity&quot;:0},&quot;animations&quot;:{&quot;opacity&quot;:1}}\" class=\"elementor-element elementor-element-858dec2 elementor-widget__width-initial elementor-widget elementor-widget-text-editor\" data-id=\"858dec2\" data-element_type=\"widget\" data-e-type=\"widget\" data-widget_type=\"text-editor.default\">\n\t\t\t\t<div class=\"elementor-widget-container\">\n\t\t\t\t\t\t\t\t\t<p data-start=\"166\" data-end=\"288\">Iskoristite posebnu ponudu u kampu <strong data-start=\"201\" data-end=\"217\">Taber Pa\u0161man<\/strong> i ostvarite 25% popusta na svoj boravak uz non-refundable rezervaciju.<\/p><p data-start=\"290\" data-end=\"433\">Planirajte unaprijed i osigurajte najbolju cijenu za odmor na otoku Pa\u0161manu \u2013 kristalno \u010disto more, netaknuta priroda i potpuni mir \u010dekaju na vas.<\/p><p><strong>Detalji ponude:<\/strong><\/p><ul><li>25 % popusta uz non-refundable cjenik<\/li><li>U slu\u010daju otkazivanja ili nedolaska, napla\u0107uje se puni iznos<\/li><\/ul>\t\t\t\t\t\t\t\t<\/div>\n\t\t\t\t<\/div>\n\t\t\t\t<div class=\"elementor-element elementor-element-7777c38 elementor-widget__width-initial elementor-widget elementor-widget-ld_button\" data-id=\"7777c38\" data-element_type=\"widget\" data-e-type=\"widget\" data-widget_type=\"ld_button.default\">\n\t\t\t\t<div class=\"elementor-widget-container\">\n\t\t\t\t\t\n\t\t\t<a\n\t\t\t\thref=\"https:\/\/book.taber.hr\/book.php?page=availability&#038;companyid=1558&#038;hotelid=7282&#038;checkin=2025-05-23&#038;checkout=2025-05-24&#038;ibelang=hr&#038;crcid=ba8f8f2eec1d61e414d9309de8ebb7b2\" target=\"_blank\"class=\"elementor-button btn btn-solid btn-icon-shaped btn-has-label\"\t\t\t>\n\t\t\t\t\t\t\t\t\t<span data-text=\"rezerviraj\" class=\"btn-txt\">\n\t\t\t\t\t\trezerviraj\t\t\t\t\t<\/span>\n\t\t\t\t\t\t\t\t\t\t\t<\/a>\n\t\t\t\t\t\t\t<\/div>\n\t\t\t\t<\/div>\n\t\t<div class=\"elementor-element elementor-element-5ee870a1 e-flex e-con-boxed e-con e-child\" data-id=\"5ee870a1\" data-element_type=\"container\" data-e-type=\"container\">\n\t\t\t\t\t<div class=\"e-con-inner\">\n\t\t\t\t<div data-parallax=\"true\" data-parallax-options=\"{&quot;ease&quot;:[&quot;linear&quot;],&quot;start&quot;:&quot;top bottom&quot;,&quot;end&quot;:&quot;bottom+=0px top&quot;}\" data-parallax-from=\"{&quot;y&quot;:&quot;100px&quot;,&quot;transformOrigin&quot;:&quot;50% 50% 0px&quot;}\" data-parallax-to=\"{&quot;y&quot;:&quot;-161px&quot;,&quot;transformOrigin&quot;:&quot;50% 50% 0px&quot;}\" class=\"elementor-element elementor-element-1136d6f6 elementor-widget__width-initial elementor-widget-mobile__width-initial elementor-widget elementor-widget-ld_fancy_image\" data-id=\"1136d6f6\" data-element_type=\"widget\" data-e-type=\"widget\" data-widget_type=\"ld_fancy_image.default\">\n\t\t\t\t<div class=\"elementor-widget-container\">\n\t\t\t\t\t\n\t\t<div class=\"lqd-imggrp-single d-block pos-rel \" data-shadow-style=\"1\" data-inview=\"true\" data-animate-shadow=\"true\">\n\t\t\t<div class=\"lqd-imggrp-img-container d-inline-flex pos-rel align-items-center justify-content-center \">\n\t\t\t\t\t\t\t\t<figure class=\"w-100 pos-rel\">\n\t\t\t\t\t<img fetchpriority=\"high\" decoding=\"async\" width=\"3000\" height=\"2000\" src=\"https:\/\/taber.hr\/wp-content\/uploads\/2025\/06\/DSC08724.jpg\" class=\"attachment-full size-full wp-image-11780\" alt=\"Taber\" srcset=\"https:\/\/taber.hr\/wp-content\/uploads\/2025\/06\/DSC08724.jpg 3000w, https:\/\/taber.hr\/wp-content\/uploads\/2025\/06\/DSC08724-300x200.jpg 300w, https:\/\/taber.hr\/wp-content\/uploads\/2025\/06\/DSC08724-1024x683.jpg 1024w, https:\/\/taber.hr\/wp-content\/uploads\/2025\/06\/DSC08724-1536x1024.jpg 1536w, https:\/\/taber.hr\/wp-content\/uploads\/2025\/06\/DSC08724-2048x1365.jpg 2048w, https:\/\/taber.hr\/wp-content\/uploads\/2025\/06\/DSC08724-720x480.jpg 720w\" sizes=\"(max-width: 3000px) 100vw, 3000px\" itemprop=\"image\" \/>\t\t\t\t\t\t\t\t\t\t\t\t\t\t\t\t\t\t\t\t\t\t\t\t\t\t\t\t\t<\/figure>\n\t\t\t<\/div>\n\t\t<\/div>\n\n\t\t\t\t\t<\/div>\n\t\t\t\t<\/div>\n\t\t\t\t<div data-parallax=\"true\" data-parallax-options=\"{&quot;ease&quot;:[&quot;linear&quot;],&quot;start&quot;:&quot;top bottom&quot;,&quot;end&quot;:&quot;bottom+=0px top&quot;}\" data-parallax-from=\"{&quot;x&quot;:&quot;-64px&quot;,&quot;transformOrigin&quot;:&quot;50% 50% 0px&quot;}\" data-parallax-to=\"{&quot;x&quot;:&quot;0px&quot;,&quot;transformOrigin&quot;:&quot;50% 50% 0px&quot;}\" class=\"elementor-element elementor-element-13c14761 elementor-widget__width-initial e-transform elementor-widget elementor-widget-ld_fancy_image\" data-id=\"13c14761\" data-element_type=\"widget\" data-e-type=\"widget\" data-settings=\"{&quot;_transform_translateX_effect&quot;:{&quot;unit&quot;:&quot;px&quot;,&quot;size&quot;:&quot;&quot;,&quot;sizes&quot;:[]},&quot;_transform_translateX_effect_tablet&quot;:{&quot;unit&quot;:&quot;px&quot;,&quot;size&quot;:&quot;&quot;,&quot;sizes&quot;:[]},&quot;_transform_translateX_effect_mobile&quot;:{&quot;unit&quot;:&quot;px&quot;,&quot;size&quot;:&quot;&quot;,&quot;sizes&quot;:[]},&quot;_transform_translateY_effect&quot;:{&quot;unit&quot;:&quot;px&quot;,&quot;size&quot;:&quot;&quot;,&quot;sizes&quot;:[]},&quot;_transform_translateY_effect_tablet&quot;:{&quot;unit&quot;:&quot;px&quot;,&quot;size&quot;:&quot;&quot;,&quot;sizes&quot;:[]},&quot;_transform_translateY_effect_mobile&quot;:{&quot;unit&quot;:&quot;px&quot;,&quot;size&quot;:&quot;&quot;,&quot;sizes&quot;:[]}}\" data-widget_type=\"ld_fancy_image.default\">\n\t\t\t\t<div class=\"elementor-widget-container\">\n\t\t\t\t\t\n\t\t<div class=\"lqd-imggrp-single d-block pos-rel \" data-shadow-style=\"2\" data-inview=\"true\" data-animate-shadow=\"true\">\n\t\t\t<div class=\"lqd-imggrp-img-container d-inline-flex pos-rel align-items-center justify-content-center \">\n\t\t\t\t\t\t\t\t<figure class=\"w-100 pos-rel\">\n\t\t\t\t\t<img decoding=\"async\" width=\"3000\" height=\"2000\" src=\"data:image\/svg+xml;charset=utf-8,%3Csvg xmlns%3D&#039;http%3A%2F%2Fwww.w3.org%2F2000%2Fsvg&#039; viewBox%3D&#039;0 0 3000 2000&#039;%2F%3E\" class=\"attachment-full size-full wp-image-11904 ld-lazyload\" alt=\"Taber\" itemprop=\"image\" data-src=\"https:\/\/taber.hr\/wp-content\/uploads\/2025\/07\/DSC08765-HDR-Edit.jpg\" data-srcset=\"https:\/\/taber.hr\/wp-content\/uploads\/2025\/07\/DSC08765-HDR-Edit.jpg 3000w, https:\/\/taber.hr\/wp-content\/uploads\/2025\/07\/DSC08765-HDR-Edit-300x200.jpg 300w, https:\/\/taber.hr\/wp-content\/uploads\/2025\/07\/DSC08765-HDR-Edit-1024x683.jpg 1024w, https:\/\/taber.hr\/wp-content\/uploads\/2025\/07\/DSC08765-HDR-Edit-1536x1024.jpg 1536w, https:\/\/taber.hr\/wp-content\/uploads\/2025\/07\/DSC08765-HDR-Edit-2048x1365.jpg 2048w, https:\/\/taber.hr\/wp-content\/uploads\/2025\/07\/DSC08765-HDR-Edit-720x480.jpg 720w\" data-sizes=\"(max-width: 3000px) 100vw, 3000px\" data-aspect=\"1.5\" \/>\t\t\t\t\t\t\t\t\t\t\t\t\t\t\t\t\t\t\t\t\t\t\t\t\t\t\t\t\t<\/figure>\n\t\t\t<\/div>\n\t\t<\/div>\n\n\t\t\t\t\t<\/div>\n\t\t\t\t<\/div>\n\t\t\t\t\t<\/div>\n\t\t\t\t<\/div>\n\t\t\t\t\t<\/div>\n\t\t\t\t<\/div>\n\t\t\t\t<\/div>\n\t\t","protected":false},"excerpt":{"rendered":"<p>Iskoristite posebnu ponudu u kampu Taber Pa\u0161man i ostvarite 25% popusta na svoj boravak uz non-refundable rezervaciju. Planirajte unaprijed i osigurajte najbolju cijenu za odmor na otoku Pa\u0161manu \u2013 kristalno \u010disto more, netaknuta priroda i potpuni mir \u010dekaju na vas. Detalji ponude: 25 % popusta uz non-refundable cjenik U slu\u010daju otkazivanja ili nedolaska, napla\u0107uje se [&hellip;]<\/p>\n","protected":false},"author":1,"featured_media":0,"parent":0,"menu_order":0,"comment_status":"closed","ping_status":"closed","template":"","meta":{"footnotes":""},"class_list":["post-9890","page","type-page","status-publish","hentry"],"yoast_head":"<!-- This site is optimized with the Yoast SEO plugin v27.4 - https:\/\/yoast.com\/product\/yoast-seo-wordpress\/ -->\n<title>Non-refundable price: 25% popusta - Taber Discrete Lodging<\/title>\n<meta name=\"description\" content=\"Kamp Taber Pa\u0161man poziva vas da iskoristite na\u0161u posebnu ponudu \u2013 do 25% popusta na najam mobilnih ku\u0107ica.\" \/>\n<meta name=\"robots\" content=\"index, follow, max-snippet:-1, max-image-preview:large, max-video-preview:-1\" \/>\n<link rel=\"canonical\" href=\"https:\/\/taber.hr\/vacation-on-the-island-of-pasman\/\" \/>\n<meta property=\"og:locale\" content=\"hr_HR\" \/>\n<meta property=\"og:type\" content=\"article\" \/>\n<meta property=\"og:title\" content=\"Non-refundable price: 25% popusta - Taber Discrete Lodging\" \/>\n<meta property=\"og:description\" content=\"Kamp Taber Pa\u0161man poziva vas da iskoristite na\u0161u posebnu ponudu \u2013 do 25% popusta na najam mobilnih ku\u0107ica.\" \/>\n<meta property=\"og:url\" content=\"https:\/\/taber.hr\/vacation-on-the-island-of-pasman\/\" \/>\n<meta property=\"og:site_name\" content=\"Taber Discrete Lodging\" \/>\n<meta property=\"article:modified_time\" content=\"2026-02-26T11:37:13+00:00\" \/>\n<meta property=\"og:image\" content=\"https:\/\/taber.hr\/wp-content\/uploads\/2025\/06\/DSC08724.jpg\" \/>\n\t<meta property=\"og:image:width\" content=\"3000\" \/>\n\t<meta property=\"og:image:height\" content=\"2000\" \/>\n\t<meta property=\"og:image:type\" content=\"image\/jpeg\" \/>\n<meta name=\"twitter:card\" content=\"summary_large_image\" \/>\n<meta name=\"twitter:label1\" content=\"Procijenjeno vrijeme \u010ditanja\" \/>\n\t<meta name=\"twitter:data1\" content=\"1 minuta\" \/>\n<script type=\"application\/ld+json\" class=\"yoast-schema-graph\">{\"@context\":\"https:\\\/\\\/schema.org\",\"@graph\":[{\"@type\":\"WebPage\",\"@id\":\"https:\\\/\\\/taber.hr\\\/vacation-on-the-island-of-pasman\\\/\",\"url\":\"https:\\\/\\\/taber.hr\\\/vacation-on-the-island-of-pasman\\\/\",\"name\":\"Non-refundable price: 25% popusta - Taber Discrete Lodging\",\"isPartOf\":{\"@id\":\"https:\\\/\\\/taber.hr\\\/#website\"},\"primaryImageOfPage\":{\"@id\":\"https:\\\/\\\/taber.hr\\\/vacation-on-the-island-of-pasman\\\/#primaryimage\"},\"image\":{\"@id\":\"https:\\\/\\\/taber.hr\\\/vacation-on-the-island-of-pasman\\\/#primaryimage\"},\"thumbnailUrl\":\"https:\\\/\\\/taber.hr\\\/wp-content\\\/uploads\\\/2025\\\/06\\\/DSC08724.jpg\",\"datePublished\":\"2025-12-03T09:20:58+00:00\",\"dateModified\":\"2026-02-26T11:37:13+00:00\",\"description\":\"Kamp Taber Pa\u0161man poziva vas da iskoristite na\u0161u posebnu ponudu \u2013 do 25% popusta na najam mobilnih ku\u0107ica.\",\"breadcrumb\":{\"@id\":\"https:\\\/\\\/taber.hr\\\/vacation-on-the-island-of-pasman\\\/#breadcrumb\"},\"inLanguage\":\"hr\",\"potentialAction\":[{\"@type\":\"ReadAction\",\"target\":[\"https:\\\/\\\/taber.hr\\\/vacation-on-the-island-of-pasman\\\/\"]}]},{\"@type\":\"ImageObject\",\"inLanguage\":\"hr\",\"@id\":\"https:\\\/\\\/taber.hr\\\/vacation-on-the-island-of-pasman\\\/#primaryimage\",\"url\":\"https:\\\/\\\/taber.hr\\\/wp-content\\\/uploads\\\/2025\\\/06\\\/DSC08724.jpg\",\"contentUrl\":\"https:\\\/\\\/taber.hr\\\/wp-content\\\/uploads\\\/2025\\\/06\\\/DSC08724.jpg\"},{\"@type\":\"BreadcrumbList\",\"@id\":\"https:\\\/\\\/taber.hr\\\/vacation-on-the-island-of-pasman\\\/#breadcrumb\",\"itemListElement\":[{\"@type\":\"ListItem\",\"position\":1,\"name\":\"Home\",\"item\":\"https:\\\/\\\/taber.hr\\\/\"},{\"@type\":\"ListItem\",\"position\":2,\"name\":\"Non-refundable price: 25% popusta\"}]},{\"@type\":\"WebSite\",\"@id\":\"https:\\\/\\\/taber.hr\\\/#website\",\"url\":\"https:\\\/\\\/taber.hr\\\/\",\"name\":\"Taber Discrete Lodging\",\"description\":\"\",\"potentialAction\":[{\"@type\":\"SearchAction\",\"target\":{\"@type\":\"EntryPoint\",\"urlTemplate\":\"https:\\\/\\\/taber.hr\\\/?s={search_term_string}\"},\"query-input\":{\"@type\":\"PropertyValueSpecification\",\"valueRequired\":true,\"valueName\":\"search_term_string\"}}],\"inLanguage\":\"hr\"}]}<\/script>\n<!-- \/ Yoast SEO plugin. -->","yoast_head_json":{"title":"Non-refundable price: 25% popusta - Taber Discrete Lodging","description":"Kamp Taber Pa\u0161man poziva vas da iskoristite na\u0161u posebnu ponudu \u2013 do 25% popusta na najam mobilnih ku\u0107ica.","robots":{"index":"index","follow":"follow","max-snippet":"max-snippet:-1","max-image-preview":"max-image-preview:large","max-video-preview":"max-video-preview:-1"},"canonical":"https:\/\/taber.hr\/vacation-on-the-island-of-pasman\/","og_locale":"hr_HR","og_type":"article","og_title":"Non-refundable price: 25% popusta - Taber Discrete Lodging","og_description":"Kamp Taber Pa\u0161man poziva vas da iskoristite na\u0161u posebnu ponudu \u2013 do 25% popusta na najam mobilnih ku\u0107ica.","og_url":"https:\/\/taber.hr\/vacation-on-the-island-of-pasman\/","og_site_name":"Taber Discrete Lodging","article_modified_time":"2026-02-26T11:37:13+00:00","og_image":[{"width":3000,"height":2000,"url":"https:\/\/taber.hr\/wp-content\/uploads\/2025\/06\/DSC08724.jpg","type":"image\/jpeg"}],"twitter_card":"summary_large_image","twitter_misc":{"Procijenjeno vrijeme \u010ditanja":"1 minuta"},"schema":{"@context":"https:\/\/schema.org","@graph":[{"@type":"WebPage","@id":"https:\/\/taber.hr\/vacation-on-the-island-of-pasman\/","url":"https:\/\/taber.hr\/vacation-on-the-island-of-pasman\/","name":"Non-refundable price: 25% popusta - Taber Discrete Lodging","isPartOf":{"@id":"https:\/\/taber.hr\/#website"},"primaryImageOfPage":{"@id":"https:\/\/taber.hr\/vacation-on-the-island-of-pasman\/#primaryimage"},"image":{"@id":"https:\/\/taber.hr\/vacation-on-the-island-of-pasman\/#primaryimage"},"thumbnailUrl":"https:\/\/taber.hr\/wp-content\/uploads\/2025\/06\/DSC08724.jpg","datePublished":"2025-12-03T09:20:58+00:00","dateModified":"2026-02-26T11:37:13+00:00","description":"Kamp Taber Pa\u0161man poziva vas da iskoristite na\u0161u posebnu ponudu \u2013 do 25% popusta na najam mobilnih ku\u0107ica.","breadcrumb":{"@id":"https:\/\/taber.hr\/vacation-on-the-island-of-pasman\/#breadcrumb"},"inLanguage":"hr","potentialAction":[{"@type":"ReadAction","target":["https:\/\/taber.hr\/vacation-on-the-island-of-pasman\/"]}]},{"@type":"ImageObject","inLanguage":"hr","@id":"https:\/\/taber.hr\/vacation-on-the-island-of-pasman\/#primaryimage","url":"https:\/\/taber.hr\/wp-content\/uploads\/2025\/06\/DSC08724.jpg","contentUrl":"https:\/\/taber.hr\/wp-content\/uploads\/2025\/06\/DSC08724.jpg"},{"@type":"BreadcrumbList","@id":"https:\/\/taber.hr\/vacation-on-the-island-of-pasman\/#breadcrumb","itemListElement":[{"@type":"ListItem","position":1,"name":"Home","item":"https:\/\/taber.hr\/"},{"@type":"ListItem","position":2,"name":"Non-refundable price: 25% popusta"}]},{"@type":"WebSite","@id":"https:\/\/taber.hr\/#website","url":"https:\/\/taber.hr\/","name":"Taber Discrete Lodging","description":"","potentialAction":[{"@type":"SearchAction","target":{"@type":"EntryPoint","urlTemplate":"https:\/\/taber.hr\/?s={search_term_string}"},"query-input":{"@type":"PropertyValueSpecification","valueRequired":true,"valueName":"search_term_string"}}],"inLanguage":"hr"}]}},"_links":{"self":[{"href":"https:\/\/taber.hr\/hr\/wp-json\/wp\/v2\/pages\/9890","targetHints":{"allow":["GET"]}}],"collection":[{"href":"https:\/\/taber.hr\/hr\/wp-json\/wp\/v2\/pages"}],"about":[{"href":"https:\/\/taber.hr\/hr\/wp-json\/wp\/v2\/types\/page"}],"author":[{"embeddable":true,"href":"https:\/\/taber.hr\/hr\/wp-json\/wp\/v2\/users\/1"}],"replies":[{"embeddable":true,"href":"https:\/\/taber.hr\/hr\/wp-json\/wp\/v2\/comments?post=9890"}],"version-history":[{"count":83,"href":"https:\/\/taber.hr\/hr\/wp-json\/wp\/v2\/pages\/9890\/revisions"}],"predecessor-version":[{"id":12192,"href":"https:\/\/taber.hr\/hr\/wp-json\/wp\/v2\/pages\/9890\/revisions\/12192"}],"wp:attachment":[{"href":"https:\/\/taber.hr\/hr\/wp-json\/wp\/v2\/media?parent=9890"}],"curies":[{"name":"wp","href":"https:\/\/api.w.org\/{rel}","templated":true}]}}